{"id":86,"date":"2024-09-04T15:56:44","date_gmt":"2024-09-04T15:56:44","guid":{"rendered":"https:\/\/www.bionicbird.com\/fr\/?page_id=86"},"modified":"2024-10-02T13:05:21","modified_gmt":"2024-10-02T13:05:21","slug":"garantie","status":"publish","type":"page","link":"https:\/\/www.bionicbird.com\/fr\/garantie\/","title":{"rendered":"Garantie"},"content":{"rendered":"<p>[et_pb_section fb_built=\u00a0\u00bb1&Prime; _builder_version=\u00a0\u00bb4.16&Prime; da_disable_devices=\u00a0\u00bboff|off|off\u00a0\u00bb locked=\u00a0\u00bboff\u00a0\u00bb global_colors_info=\u00a0\u00bb{}\u00a0\u00bb da_is_popup=\u00a0\u00bboff\u00a0\u00bb da_exit_intent=\u00a0\u00bboff\u00a0\u00bb da_has_close=\u00a0\u00bbon\u00a0\u00bb da_alt_close=\u00a0\u00bboff\u00a0\u00bb da_dark_close=\u00a0\u00bboff\u00a0\u00bb da_not_modal=\u00a0\u00bbon\u00a0\u00bb da_is_singular=\u00a0\u00bboff\u00a0\u00bb da_with_loader=\u00a0\u00bboff\u00a0\u00bb da_has_shadow=\u00a0\u00bbon\u00a0\u00bb][et_pb_row _builder_version=\u00a0\u00bb4.16&Prime; background_size=\u00a0\u00bbinitial\u00a0\u00bb background_position=\u00a0\u00bbtop_left\u00a0\u00bb background_repeat=\u00a0\u00bbrepeat\u00a0\u00bb global_colors_info=\u00a0\u00bb{}\u00a0\u00bb][et_pb_column type=\u00a0\u00bb4_4&Prime; _builder_version=\u00a0\u00bb4.16&Prime; custom_padding=\u00a0\u00bb|||\u00a0\u00bb global_colors_info=\u00a0\u00bb{}\u00a0\u00bb custom_padding__hover=\u00a0\u00bb|||\u00a0\u00bb][et_pb_text _builder_version=\u00a0\u00bb4.27.0&Prime; hover_enabled=\u00a0\u00bb0&Prime; global_colors_info=\u00a0\u00bb{}\u00a0\u00bb sticky_enabled=\u00a0\u00bb0&Prime;]<\/p>\n<h1 class=\"landing-title-tag\">Conditions de garantie<\/h1>\n<p>[\/et_pb_text][et_pb_accordion _builder_version=\u00a0\u00bb4.16&Prime; global_colors_info=\u00a0\u00bb{}\u00a0\u00bb][et_pb_accordion_item title=\u00a0\u00bbG\u00e9n\u00e9ralit\u00e9s\u00a0\u00bb open=\u00a0\u00bbon\u00a0\u00bb _builder_version=\u00a0\u00bb4.16&Prime; global_colors_info=\u00a0\u00bb{}\u00a0\u00bb]Tous nos produits sont garantis contre les vices de fabrication. Nous nous engageons \u00e0 r\u00e9parer ou remplacer tout produit d\u00e9fectueux ou non conforme, sous certaines conditions d\u00e9crites ci-apr\u00e8s :[\/et_pb_accordion_item][et_pb_accordion_item title=\u00a0\u00bbConditions de garantie\u00a0\u00bb _builder_version=\u00a0\u00bb4.16&Prime; global_colors_info=\u00a0\u00bb{}\u00a0\u00bb open=\u00a0\u00bboff\u00a0\u00bb]Cette garantie couvre les produits neufs qui ne fonctionnent pas quelque soient les r\u00e9glages ou les instructions re\u00e7ues pour le faire fonctionner, notamment en appliquant \u00e0 la lettre les instructions du manuel, et malgr\u00e9 l\u2019utilisation de piles neuves et fonctionnelles du type indiqu\u00e9. Elle couvre aussi l\u2019utilisation, dans les conditions normales, pendant une dur\u00e9e de 30 jours apr\u00e8s l\u2019achat, sauf pour les pi\u00e8ces d\u2019usure ou les \u00e9l\u00e9ments externes expos\u00e9s aux chocs. Elle ne couvre pas les produits cass\u00e9s ou ab\u00eem\u00e9s de fa\u00e7on accidentelle, ou volontaire, au cours de leur utilisation, de leur manipulation.[\/et_pb_accordion_item][et_pb_accordion_item title=\u00a0\u00bbConditions de r\u00e9paration\u00a0\u00bb _builder_version=\u00a0\u00bb4.16&Prime; global_colors_info=\u00a0\u00bb{}\u00a0\u00bb open=\u00a0\u00bboff\u00a0\u00bb]<\/p>\n<ol>\n<li>Contacter notre \u00e9quipe du support technique : contact@bionicbird.com<br \/> Si vous avez un probl\u00e8me avec votre produit et si vous pensez qu\u2019il a besoin d\u2019\u00eatre r\u00e9par\u00e9, veuillez contacter nos \u00e9quipes du support technique. Le contact aupr\u00e8s de nos \u00e9quipes du support technique est la premi\u00e8re \u00e9tape de la proc\u00e9dure de retour des produits. Une fois que le support technique d\u00e9termine si votre produit \u00e0 effectivement besoin d\u2019\u00eatre r\u00e9par\u00e9 ou remplacer, il vous indiquera les prochaines \u00e9tapes \u00e0 suivre pour ce faire.<\/li>\n<li>Refus de retour produit<br \/> Tout produit envoy\u00e9 \u00e0 XTIM, n\u2019ayant pas de num\u00e9ro d\u2019autorisation de RMA clairement \u00e9crit sur la bo\u00eete seront refus\u00e9 d\u00e8s sa r\u00e9ception. XTIM ne prendra pas en charge les frais d\u2019envoi et de retour du produit. Seul XTIM et ses filiales sont habilit\u00e9s \u00e0 vous fournir un num\u00e9ro d\u2019autorisation de RMA valide.<\/li>\n<\/ol>\n<p>[\/et_pb_accordion_item][et_pb_accordion_item title=\u00a0\u00bbNote importante\u00a0\u00bb _builder_version=\u00a0\u00bb4.16&Prime; global_colors_info=\u00a0\u00bb{}\u00a0\u00bb open=\u00a0\u00bboff\u00a0\u00bb]<\/p>\n<ol>\n<li>Besoin de l\u2019original du re\u00e7u\/facture<br \/>\nVous devez inclure l\u2019original du re\u00e7u ou de la facture lorsque vous envoyez le produit en r\u00e9paration. Nous vous recommandons d\u2019en faire la photocopie avant l\u2019envoi pour votre archive. L\u2019original du re\u00e7u ou de la facture vous sera renvoy\u00e9 en m\u00eame temps que votre produit r\u00e9par\u00e9. L\u2019oubli de l\u2019original du re\u00e7u ou de la facture pourra entra\u00eener des retards s\u00e9rieux dans le retour de votre produit o\u00f9 pourra placer votre produit en statut d\u2019exclusion de garantie<\/li>\n<li>Emballage et envoi<br \/>\nLorsque vous envoyez un produit o\u00f9 un accessoire pour r\u00e9paration ou remplacement, nous vous recommandons de bien l\u2019emballer pour qu\u2019il ne soit pas endommag\u00e9 pendant le transport. Veillez \u00e0 ne pas vous servir directement de&nbsp;la valise d\u2019origine comme carton mais \u00e0 l\u2019int\u00e9grer dans un autre emballage. XTIM n\u2019est en aucun cas responsable pour les produits arrivant d\u00e9t\u00e9rior\u00e9s \u00e0 cause d\u2019un emballage impropre. Nous vous recommandons de choisir un mode d\u2019envoi et une assurance en cons\u00e9quence.<\/li>\n<\/ol>\n<p>[\/et_pb_accordion_item][\/et_pb_accordion][\/et_pb_column][\/et_pb_row][\/et_pb_section]<\/p>\n<span class=\"et_bloom_bottom_trigger\"><\/span>","protected":false},"excerpt":{"rendered":"<p>Conditions de garantieTous nos produits sont garantis contre les vices de fabrication. Nous nous engageons \u00e0 r\u00e9parer ou remplacer tout produit d\u00e9fectueux ou non conforme, sous certaines conditions d\u00e9crites ci-apr\u00e8s :Cette garantie couvre les produits neufs qui ne fonctionnent pas quelque soient les r\u00e9glages ou les instructions re\u00e7ues pour le faire fonctionner, notamment en appliquant [&hellip;]<\/p>\n","protected":false},"author":7583,"featured_media":0,"parent":0,"menu_order":0,"comment_status":"closed","ping_status":"closed","template":"","meta":{"_et_pb_use_builder":"on","_et_pb_old_content":"","_et_gb_content_width":"","footnotes":""},"class_list":["post-86","page","type-page","status-publish","hentry"],"yoast_head":"<!-- This site is optimized with the Yoast SEO plugin v27.4 - https:\/\/yoast.com\/product\/yoast-seo-wordpress\/ -->\n<title>Garantie - BIONIC BIRD FR- DRONES BIOMIM\u00c9TIQUES<\/title>\n<meta name=\"robots\" content=\"index, follow, max-snippet:-1, max-image-preview:large, max-video-preview:-1\" \/>\n<link rel=\"canonical\" href=\"https:\/\/www.bionicbird.com\/fr\/garantie\/\" \/>\n<meta property=\"og:locale\" content=\"fr_FR\" \/>\n<meta property=\"og:type\" content=\"article\" \/>\n<meta property=\"og:title\" content=\"Garantie - BIONIC BIRD FR- DRONES BIOMIM\u00c9TIQUES\" \/>\n<meta property=\"og:description\" content=\"Conditions de garantieTous nos produits sont garantis contre les vices de fabrication. Nous nous engageons \u00e0 r\u00e9parer ou remplacer tout produit d\u00e9fectueux ou non conforme, sous certaines conditions d\u00e9crites ci-apr\u00e8s :Cette garantie couvre les produits neufs qui ne fonctionnent pas quelque soient les r\u00e9glages ou les instructions re\u00e7ues pour le faire fonctionner, notamment en appliquant [&hellip;]\" \/>\n<meta property=\"og:url\" content=\"https:\/\/www.bionicbird.com\/fr\/garantie\/\" \/>\n<meta property=\"og:site_name\" content=\"BIONIC BIRD FR- DRONES BIOMIM\u00c9TIQUES\" \/>\n<meta property=\"article:publisher\" content=\"https:\/\/www.facebook.com\/BionicBird.officiel\/\" \/>\n<meta property=\"article:modified_time\" content=\"2024-10-02T13:05:21+00:00\" \/>\n<meta name=\"twitter:card\" content=\"summary_large_image\" \/>\n<meta name=\"twitter:site\" content=\"@mybionicbird\" \/>\n<meta name=\"twitter:label1\" content=\"Dur\u00e9e de lecture estim\u00e9e\" \/>\n\t<meta name=\"twitter:data1\" content=\"3 minutes\" \/>\n<script type=\"application\/ld+json\" class=\"yoast-schema-graph\">{\"@context\":\"https:\\\/\\\/schema.org\",\"@graph\":[{\"@type\":\"WebPage\",\"@id\":\"https:\\\/\\\/www.bionicbird.com\\\/fr\\\/garantie\\\/\",\"url\":\"https:\\\/\\\/www.bionicbird.com\\\/fr\\\/garantie\\\/\",\"name\":\"Garantie - BIONIC BIRD FR- DRONES BIOMIM\u00c9TIQUES\",\"isPartOf\":{\"@id\":\"https:\\\/\\\/www.bionicbird.com\\\/fr\\\/#website\"},\"datePublished\":\"2024-09-04T15:56:44+00:00\",\"dateModified\":\"2024-10-02T13:05:21+00:00\",\"breadcrumb\":{\"@id\":\"https:\\\/\\\/www.bionicbird.com\\\/fr\\\/garantie\\\/#breadcrumb\"},\"inLanguage\":\"fr-FR\",\"potentialAction\":[{\"@type\":\"ReadAction\",\"target\":[\"https:\\\/\\\/www.bionicbird.com\\\/fr\\\/garantie\\\/\"]}]},{\"@type\":\"BreadcrumbList\",\"@id\":\"https:\\\/\\\/www.bionicbird.com\\\/fr\\\/garantie\\\/#breadcrumb\",\"itemListElement\":[{\"@type\":\"ListItem\",\"position\":1,\"name\":\"Accueil\",\"item\":\"https:\\\/\\\/www.bionicbird.com\\\/fr\\\/\"},{\"@type\":\"ListItem\",\"position\":2,\"name\":\"Garantie\"}]},{\"@type\":\"WebSite\",\"@id\":\"https:\\\/\\\/www.bionicbird.com\\\/fr\\\/#website\",\"url\":\"https:\\\/\\\/www.bionicbird.com\\\/fr\\\/\",\"name\":\"BIONIC BIRD - DRONES BIOMIM\u00c9TIQUES\",\"description\":\"Leader des drones t\u00e9l\u00e9command\u00e9s, inspir\u00e9s par le vol des oiseaux et des insectes\",\"alternateName\":\"BIONIC BIRD DRONES\",\"potentialAction\":[{\"@type\":\"SearchAction\",\"target\":{\"@type\":\"EntryPoint\",\"urlTemplate\":\"https:\\\/\\\/www.bionicbird.com\\\/fr\\\/?s={search_term_string}\"},\"query-input\":{\"@type\":\"PropertyValueSpecification\",\"valueRequired\":true,\"valueName\":\"search_term_string\"}}],\"inLanguage\":\"fr-FR\"}]}<\/script>\n<!-- \/ Yoast SEO plugin. -->","yoast_head_json":{"title":"Garantie - BIONIC BIRD FR- DRONES BIOMIM\u00c9TIQUES","robots":{"index":"index","follow":"follow","max-snippet":"max-snippet:-1","max-image-preview":"max-image-preview:large","max-video-preview":"max-video-preview:-1"},"canonical":"https:\/\/www.bionicbird.com\/fr\/garantie\/","og_locale":"fr_FR","og_type":"article","og_title":"Garantie - BIONIC BIRD FR- DRONES BIOMIM\u00c9TIQUES","og_description":"Conditions de garantieTous nos produits sont garantis contre les vices de fabrication. Nous nous engageons \u00e0 r\u00e9parer ou remplacer tout produit d\u00e9fectueux ou non conforme, sous certaines conditions d\u00e9crites ci-apr\u00e8s :Cette garantie couvre les produits neufs qui ne fonctionnent pas quelque soient les r\u00e9glages ou les instructions re\u00e7ues pour le faire fonctionner, notamment en appliquant [&hellip;]","og_url":"https:\/\/www.bionicbird.com\/fr\/garantie\/","og_site_name":"BIONIC BIRD FR- DRONES BIOMIM\u00c9TIQUES","article_publisher":"https:\/\/www.facebook.com\/BionicBird.officiel\/","article_modified_time":"2024-10-02T13:05:21+00:00","twitter_card":"summary_large_image","twitter_site":"@mybionicbird","twitter_misc":{"Dur\u00e9e de lecture estim\u00e9e":"3 minutes"},"schema":{"@context":"https:\/\/schema.org","@graph":[{"@type":"WebPage","@id":"https:\/\/www.bionicbird.com\/fr\/garantie\/","url":"https:\/\/www.bionicbird.com\/fr\/garantie\/","name":"Garantie - BIONIC BIRD FR- DRONES BIOMIM\u00c9TIQUES","isPartOf":{"@id":"https:\/\/www.bionicbird.com\/fr\/#website"},"datePublished":"2024-09-04T15:56:44+00:00","dateModified":"2024-10-02T13:05:21+00:00","breadcrumb":{"@id":"https:\/\/www.bionicbird.com\/fr\/garantie\/#breadcrumb"},"inLanguage":"fr-FR","potentialAction":[{"@type":"ReadAction","target":["https:\/\/www.bionicbird.com\/fr\/garantie\/"]}]},{"@type":"BreadcrumbList","@id":"https:\/\/www.bionicbird.com\/fr\/garantie\/#breadcrumb","itemListElement":[{"@type":"ListItem","position":1,"name":"Accueil","item":"https:\/\/www.bionicbird.com\/fr\/"},{"@type":"ListItem","position":2,"name":"Garantie"}]},{"@type":"WebSite","@id":"https:\/\/www.bionicbird.com\/fr\/#website","url":"https:\/\/www.bionicbird.com\/fr\/","name":"BIONIC BIRD - DRONES BIOMIM\u00c9TIQUES","description":"Leader des drones t\u00e9l\u00e9command\u00e9s, inspir\u00e9s par le vol des oiseaux et des insectes","alternateName":"BIONIC BIRD DRONES","potentialAction":[{"@type":"SearchAction","target":{"@type":"EntryPoint","urlTemplate":"https:\/\/www.bionicbird.com\/fr\/?s={search_term_string}"},"query-input":{"@type":"PropertyValueSpecification","valueRequired":true,"valueName":"search_term_string"}}],"inLanguage":"fr-FR"}]}},"_links":{"self":[{"href":"https:\/\/www.bionicbird.com\/fr\/wp-json\/wp\/v2\/pages\/86","targetHints":{"allow":["GET"]}}],"collection":[{"href":"https:\/\/www.bionicbird.com\/fr\/wp-json\/wp\/v2\/pages"}],"about":[{"href":"https:\/\/www.bionicbird.com\/fr\/wp-json\/wp\/v2\/types\/page"}],"author":[{"embeddable":true,"href":"https:\/\/www.bionicbird.com\/fr\/wp-json\/wp\/v2\/users\/7583"}],"replies":[{"embeddable":true,"href":"https:\/\/www.bionicbird.com\/fr\/wp-json\/wp\/v2\/comments?post=86"}],"version-history":[{"count":0,"href":"https:\/\/www.bionicbird.com\/fr\/wp-json\/wp\/v2\/pages\/86\/revisions"}],"wp:attachment":[{"href":"https:\/\/www.bionicbird.com\/fr\/wp-json\/wp\/v2\/media?parent=86"}],"curies":[{"name":"wp","href":"https:\/\/api.w.org\/{rel}","templated":true}]}}