{"id":100249,"date":"2024-11-27T14:48:02","date_gmt":"2024-11-27T14:48:02","guid":{"rendered":"https:\/\/www.bionicbird.com\/fr\/?post_type=product&#038;p=100249"},"modified":"2025-01-31T17:24:42","modified_gmt":"2025-01-31T17:24:42","slug":"xplay-joystick","status":"publish","type":"product","link":"https:\/\/www.bionicbird.com\/fr\/boutique\/xplay-joystick\/","title":{"rendered":"Xplay joystick"},"content":{"rendered":"<p>[et_pb_section fb_built=\u00a0\u00bb1&Prime; _builder_version=\u00a0\u00bb4.16&Prime; _module_preset=\u00a0\u00bbdefault\u00a0\u00bb background_enable_color=\u00a0\u00bboff\u00a0\u00bb background_enable_image=\u00a0\u00bboff\u00a0\u00bb background_size=\u00a0\u00bbcontain\u00a0\u00bb background_repeat=\u00a0\u00bbrepeat\u00a0\u00bb max_width=\u00a0\u00bb100%\u00a0\u00bb custom_padding=\u00a0\u00bb0px||0px||false|false\u00a0\u00bb da_disable_devices=\u00a0\u00bboff|off|off\u00a0\u00bb locked=\u00a0\u00bboff\u00a0\u00bb collapsed=\u00a0\u00bboff\u00a0\u00bb global_colors_info=\u00a0\u00bb{}\u00a0\u00bb da_is_popup=\u00a0\u00bboff\u00a0\u00bb da_exit_intent=\u00a0\u00bboff\u00a0\u00bb da_has_close=\u00a0\u00bbon\u00a0\u00bb da_alt_close=\u00a0\u00bboff\u00a0\u00bb da_dark_close=\u00a0\u00bboff\u00a0\u00bb da_not_modal=\u00a0\u00bbon\u00a0\u00bb da_is_singular=\u00a0\u00bboff\u00a0\u00bb da_with_loader=\u00a0\u00bboff\u00a0\u00bb da_has_shadow=\u00a0\u00bbon\u00a0\u00bb][et_pb_row _builder_version=\u00a0\u00bb4.16&Prime; _module_preset=\u00a0\u00bbdefault\u00a0\u00bb background_size=\u00a0\u00bbinitial\u00a0\u00bb background_position=\u00a0\u00bbtop_left\u00a0\u00bb background_repeat=\u00a0\u00bbrepeat\u00a0\u00bb max_width=\u00a0\u00bb80%\u00a0\u00bb custom_padding=\u00a0\u00bb0px||0px||false|false\u00a0\u00bb global_colors_info=\u00a0\u00bb{}\u00a0\u00bb][et_pb_column type=\u00a0\u00bb4_4&Prime; _builder_version=\u00a0\u00bb4.16&Prime; _module_preset=\u00a0\u00bbdefault\u00a0\u00bb custom_padding=\u00a0\u00bb|||\u00a0\u00bb global_colors_info=\u00a0\u00bb{}\u00a0\u00bb custom_padding__hover=\u00a0\u00bb|||\u00a0\u00bb][et_pb_wc_cart_notice _builder_version=\u00a0\u00bb4.16&Prime; _module_preset=\u00a0\u00bbdefault\u00a0\u00bb global_colors_info=\u00a0\u00bb{}\u00a0\u00bb][\/et_pb_wc_cart_notice][\/et_pb_column][\/et_pb_row][et_pb_row column_structure=\u00a0\u00bb3_5,2_5&Prime; module_class=\u00a0\u00bbmodule-variable\u00a0\u00bb _builder_version=\u00a0\u00bb4.16&Prime; _module_preset=\u00a0\u00bbdefault\u00a0\u00bb background_size=\u00a0\u00bbinitial\u00a0\u00bb background_position=\u00a0\u00bbtop_left\u00a0\u00bb background_repeat=\u00a0\u00bbrepeat\u00a0\u00bb width=\u00a0\u00bb100%\u00a0\u00bb max_width=\u00a0\u00bb80%\u00a0\u00bb custom_margin=\u00a0\u00bb25px||||false|false\u00a0\u00bb custom_padding=\u00a0\u00bb25px||||false|false\u00a0\u00bb collapsed=\u00a0\u00bboff\u00a0\u00bb global_colors_info=\u00a0\u00bb{}\u00a0\u00bb][et_pb_column type=\u00a0\u00bb3_5&Prime; _builder_version=\u00a0\u00bb4.16&Prime; _module_preset=\u00a0\u00bbdefault\u00a0\u00bb custom_padding=\u00a0\u00bb|||\u00a0\u00bb global_colors_info=\u00a0\u00bb{}\u00a0\u00bb custom_padding__hover=\u00a0\u00bb|||\u00a0\u00bb][et_pb_wc_images _builder_version=\u00a0\u00bb4.16&Prime; _module_preset=\u00a0\u00bbdefault\u00a0\u00bb global_colors_info=\u00a0\u00bb{}\u00a0\u00bb][\/et_pb_wc_images][\/et_pb_column][et_pb_column type=\u00a0\u00bb2_5&Prime; _builder_version=\u00a0\u00bb4.16&Prime; _module_preset=\u00a0\u00bbdefault\u00a0\u00bb custom_padding=\u00a0\u00bb|||\u00a0\u00bb global_colors_info=\u00a0\u00bb{}\u00a0\u00bb custom_padding__hover=\u00a0\u00bb|||\u00a0\u00bb][et_pb_wc_title _builder_version=\u00a0\u00bb4.16&Prime; _module_preset=\u00a0\u00bbdefault\u00a0\u00bb custom_margin=\u00a0\u00bb25px||27px||false|false\u00a0\u00bb global_colors_info=\u00a0\u00bb{}\u00a0\u00bb][\/et_pb_wc_title][et_pb_wc_price _builder_version=\u00a0\u00bb4.16&Prime; _module_preset=\u00a0\u00bbdefault\u00a0\u00bb body_font=\u00a0\u00bb|700|||||||\u00a0\u00bb body_text_color=\u00a0\u00bb#333333&Prime; custom_margin=\u00a0\u00bb||9px|||\u00a0\u00bb global_colors_info=\u00a0\u00bb{}\u00a0\u00bb][\/et_pb_wc_price][et_pb_wc_description _builder_version=\u00a0\u00bb4.27.2&Prime; _module_preset=\u00a0\u00bbdefault\u00a0\u00bb custom_margin=\u00a0\u00bb||20px||false|false\u00a0\u00bb global_colors_info=\u00a0\u00bb{}\u00a0\u00bb][\/et_pb_wc_description][et_pb_wc_add_to_cart _builder_version=\u00a0\u00bb4.16&Prime; _module_preset=\u00a0\u00bbdefault\u00a0\u00bb body_font=\u00a0\u00bb|800|||||||\u00a0\u00bb body_font_size=\u00a0\u00bb18px\u00a0\u00bb global_colors_info=\u00a0\u00bb{}\u00a0\u00bb][\/et_pb_wc_add_to_cart][et_pb_blurb use_icon=\u00a0\u00bbon\u00a0\u00bb font_icon=\u00a0\u00bb&#xe012;||divi||400&Prime; icon_placement=\u00a0\u00bbleft\u00a0\u00bb image_icon_width=\u00a0\u00bb21px\u00a0\u00bb _builder_version=\u00a0\u00bb4.27.2&Prime; _module_preset=\u00a0\u00bbdefault\u00a0\u00bb icon_font_size=\u00a0\u00bb21px\u00a0\u00bb global_colors_info=\u00a0\u00bb{}\u00a0\u00bb]X-Fly and MetaBird Genuine parts<br \/>\n[\/et_pb_blurb][et_pb_text disabled_on=\u00a0\u00bboff|off|off\u00a0\u00bb admin_label=\u00a0\u00bbcompatibility\u00a0\u00bb _builder_version=\u00a0\u00bb4.27.2&Prime; _module_preset=\u00a0\u00bbdefault\u00a0\u00bb text_font_size=\u00a0\u00bb13px\u00a0\u00bb text_line_height=\u00a0\u00bb1em\u00a0\u00bb header_font_size=\u00a0\u00bb24px\u00a0\u00bb header_2_font_size=\u00a0\u00bb22px\u00a0\u00bb header_3_text_color=\u00a0\u00bb#6b6b6b\u00a0\u00bb custom_margin=\u00a0\u00bb19px||||false|false\u00a0\u00bb custom_padding=\u00a0\u00bb16px||57px||false|false\u00a0\u00bb border_radii=\u00a0\u00bbon|1px|1px|1px|1px\u00a0\u00bb border_width_all=\u00a0\u00bb3px\u00a0\u00bb border_color_all=\u00a0\u00bb#b3b3b3&Prime; box_shadow_style=\u00a0\u00bbpreset3&Prime; locked=\u00a0\u00bboff\u00a0\u00bb global_colors_info=\u00a0\u00bb{}\u00a0\u00bb]<\/p>\n<h3 style=\"text-align: center;\">Compatibility<\/h3>\n<table class=\" aligncenter\" style=\"margin-left: auto; margin-right: auto; width: 310px;\">\n<tbody>\n<tr>\n<td style=\"text-align: left; width: 117px;\">X-Fly<\/td>\n<td style=\"text-align: center; width: 45px;\"><img loading=\"lazy\" decoding=\"async\" class=\"wp-image-20193 alignnone size-full\" src=\"https:\/\/www.bionicbird.com\/fr\/wp-content\/uploads\/sites\/4\/2024\/11\/coche_verte.png\" alt=\"\" width=\"25\" height=\"25\" \/><\/td>\n<td style=\"text-align: left; width: 124px;\">All models<\/td>\n<\/tr>\n<tr style=\"text-align: center;\">\n<td style=\"text-align: left; width: 117px;\">MetaBird<\/td>\n<td style=\"width: 45px;\"><img loading=\"lazy\" decoding=\"async\" class=\"wp-image-20193 alignnone size-full\" src=\"https:\/\/www.bionicbird.com\/fr\/wp-content\/uploads\/sites\/4\/2024\/11\/coche_verte.png\" alt=\"\" width=\"25\" height=\"25\" \/><\/td>\n<td style=\"text-align: left; width: 124px;\">All models<\/td>\n<\/tr>\n<tr style=\"text-align: center;\">\n<td style=\"text-align: left; width: 117px;\">Bionic Bird<\/td>\n<td style=\"width: 45px;\"><img loading=\"lazy\" decoding=\"async\" class=\"wp-image-20193 alignnone size-full\" src=\"https:\/\/www.bionicbird.com\/fr\/wp-content\/uploads\/sites\/4\/2024\/11\/coche_verte.png\" alt=\"\" width=\"25\" height=\"25\" \/><\/td>\n<td style=\"text-align: left; width: 124px;\">All models<\/td>\n<\/tr>\n<tr style=\"text-align: center;\">\n<td style=\"text-align: left; width: 117px;\">MetaFly<\/td>\n<td style=\"width: 45px;\"><img loading=\"lazy\" decoding=\"async\" class=\"wp-image-20191 alignnone size-full\" src=\"https:\/\/www.bionicbird.com\/fr\/wp-content\/uploads\/sites\/4\/2024\/11\/croix_rouge.png\" alt=\"\" width=\"25\" height=\"25\" \/><\/td>\n<td style=\"text-align: left; width: 124px;\">All models<\/td>\n<\/tr>\n<\/tbody>\n<\/table>\n<p>[\/et_pb_text][\/et_pb_column][\/et_pb_row][\/et_pb_section]<\/p>\n<span class=\"et_bloom_bottom_trigger\"><\/span>","protected":false},"excerpt":{"rendered":"<p><strong>Le joystick XPlay brevet\u00e9 &#8211; le contr\u00f4leur X-Fly par excellence<\/strong><br \/>\nPour les pilotes qui recherchent une interaction plus tactile et plus pr\u00e9cise, le XPlay est un accessoire indispensable. Ce joystick brevet\u00e9 transforme votre smartphone en une t\u00e9l\u00e9commande traditionnelle, vous donnant une ma\u00eetrise totale de votre drone X-Fly, ou de votre MetaBird.<br \/>\nLe kit contient 1 joystick X-Play + 1 \u00e9lastique et des embouts en caoutchouc suppl\u00e9mentaires.<\/p>\n","protected":false},"featured_media":100250,"template":"","meta":{"_et_pb_use_builder":"on","_et_pb_old_content":"","_et_gb_content_width":""},"product_brand":[],"product_cat":[57],"product_tag":[],"class_list":{"0":"post-100249","1":"product","2":"type-product","3":"status-publish","4":"has-post-thumbnail","6":"product_cat-add-ons-xfly","7":"product_shipping_class-xplay_bundle","9":"first","10":"instock","11":"taxable","12":"shipping-taxable","13":"purchasable","14":"product-type-simple"},"yoast_head":"<!-- This site is optimized with the Yoast SEO plugin v27.4 - https:\/\/yoast.com\/product\/yoast-seo-wordpress\/ -->\n<title>Xplay joystick - X-Fly by BIONIC BIRD FR- DRONES BIOMIM\u00c9TIQUES<\/title>\n<meta name=\"description\" content=\"Le joystick XPlay brevet\u00e9 - le contr\u00f4leur X-Fly par excellencePour les pilotes qui recherchent une interaction plus tactile et plus pr\u00e9cise, le XPlay est un accessoire indispensable. Ce joystick brevet\u00e9 transforme votre smartphone en une t\u00e9l\u00e9commande traditionnelle, vous donnant une ma\u00eetrise totale de votre drone X-Fly, ou de votre MetaBird.Le kit contient 1 joystick X-Play + 1 \u00e9lastique et des embouts en caoutchouc suppl\u00e9mentaires.\" \/>\n<meta name=\"robots\" content=\"index, follow, max-snippet:-1, max-image-preview:large, max-video-preview:-1\" \/>\n<link rel=\"canonical\" href=\"https:\/\/www.bionicbird.com\/fr\/boutique\/xplay-joystick\/\" \/>\n<meta property=\"og:locale\" content=\"fr_FR\" \/>\n<meta property=\"og:type\" content=\"article\" \/>\n<meta property=\"og:title\" content=\"Xplay joystick - X-Fly by BIONIC BIRD FR- DRONES BIOMIM\u00c9TIQUES\" \/>\n<meta property=\"og:description\" content=\"Le joystick XPlay brevet\u00e9 - le contr\u00f4leur X-Fly par excellencePour les pilotes qui recherchent une interaction plus tactile et plus pr\u00e9cise, le XPlay est un accessoire indispensable. Ce joystick brevet\u00e9 transforme votre smartphone en une t\u00e9l\u00e9commande traditionnelle, vous donnant une ma\u00eetrise totale de votre drone X-Fly, ou de votre MetaBird.Le kit contient 1 joystick X-Play + 1 \u00e9lastique et des embouts en caoutchouc suppl\u00e9mentaires.\" \/>\n<meta property=\"og:url\" content=\"https:\/\/www.bionicbird.com\/fr\/boutique\/xplay-joystick\/\" \/>\n<meta property=\"og:site_name\" content=\"BIONIC BIRD FR- DRONES BIOMIM\u00c9TIQUES\" \/>\n<meta property=\"article:publisher\" content=\"https:\/\/www.facebook.com\/BionicBird.officiel\/\" \/>\n<meta property=\"article:modified_time\" content=\"2025-01-31T17:24:42+00:00\" \/>\n<meta property=\"og:image\" content=\"https:\/\/www.bionicbird.com\/fr\/wp-content\/uploads\/sites\/4\/2024\/11\/XPLAY-image-xfly-produit.jpg\" \/>\n\t<meta property=\"og:image:width\" content=\"769\" \/>\n\t<meta property=\"og:image:height\" content=\"1000\" \/>\n\t<meta property=\"og:image:type\" content=\"image\/jpeg\" \/>\n<meta name=\"twitter:card\" content=\"summary_large_image\" \/>\n<meta name=\"twitter:site\" content=\"@mybionicbird\" \/>\n<meta name=\"twitter:label1\" content=\"Dur\u00e9e de lecture estim\u00e9e\" \/>\n\t<meta name=\"twitter:data1\" content=\"2 minutes\" \/>\n<script type=\"application\/ld+json\" class=\"yoast-schema-graph\">{\"@context\":\"https:\\\/\\\/schema.org\",\"@graph\":[{\"@type\":\"WebPage\",\"@id\":\"https:\\\/\\\/www.bionicbird.com\\\/fr\\\/boutique\\\/xplay-joystick\\\/\",\"url\":\"https:\\\/\\\/www.bionicbird.com\\\/fr\\\/boutique\\\/xplay-joystick\\\/\",\"name\":\"Xplay joystick - X-Fly by BIONIC BIRD FR- DRONES BIOMIM\u00c9TIQUES\",\"isPartOf\":{\"@id\":\"https:\\\/\\\/www.bionicbird.com\\\/fr\\\/#website\"},\"primaryImageOfPage\":{\"@id\":\"https:\\\/\\\/www.bionicbird.com\\\/fr\\\/boutique\\\/xplay-joystick\\\/#primaryimage\"},\"image\":{\"@id\":\"https:\\\/\\\/www.bionicbird.com\\\/fr\\\/boutique\\\/xplay-joystick\\\/#primaryimage\"},\"thumbnailUrl\":\"https:\\\/\\\/www.bionicbird.com\\\/fr\\\/wp-content\\\/uploads\\\/sites\\\/4\\\/2024\\\/11\\\/XPLAY-image-xfly-produit.jpg\",\"datePublished\":\"2024-11-27T14:48:02+00:00\",\"dateModified\":\"2025-01-31T17:24:42+00:00\",\"description\":\"Le joystick XPlay brevet\u00e9 - le contr\u00f4leur X-Fly par excellencePour les pilotes qui recherchent une interaction plus tactile et plus pr\u00e9cise, le XPlay est un accessoire indispensable. Ce joystick brevet\u00e9 transforme votre smartphone en une t\u00e9l\u00e9commande traditionnelle, vous donnant une ma\u00eetrise totale de votre drone X-Fly, ou de votre MetaBird.Le kit contient 1 joystick X-Play + 1 \u00e9lastique et des embouts en caoutchouc suppl\u00e9mentaires.\",\"breadcrumb\":{\"@id\":\"https:\\\/\\\/www.bionicbird.com\\\/fr\\\/boutique\\\/xplay-joystick\\\/#breadcrumb\"},\"inLanguage\":\"fr-FR\",\"potentialAction\":[{\"@type\":\"ReadAction\",\"target\":[\"https:\\\/\\\/www.bionicbird.com\\\/fr\\\/boutique\\\/xplay-joystick\\\/\"]}]},{\"@type\":\"ImageObject\",\"inLanguage\":\"fr-FR\",\"@id\":\"https:\\\/\\\/www.bionicbird.com\\\/fr\\\/boutique\\\/xplay-joystick\\\/#primaryimage\",\"url\":\"https:\\\/\\\/www.bionicbird.com\\\/fr\\\/wp-content\\\/uploads\\\/sites\\\/4\\\/2024\\\/11\\\/XPLAY-image-xfly-produit.jpg\",\"contentUrl\":\"https:\\\/\\\/www.bionicbird.com\\\/fr\\\/wp-content\\\/uploads\\\/sites\\\/4\\\/2024\\\/11\\\/XPLAY-image-xfly-produit.jpg\",\"width\":769,\"height\":1000},{\"@type\":\"BreadcrumbList\",\"@id\":\"https:\\\/\\\/www.bionicbird.com\\\/fr\\\/boutique\\\/xplay-joystick\\\/#breadcrumb\",\"itemListElement\":[{\"@type\":\"ListItem\",\"position\":1,\"name\":\"Accueil\",\"item\":\"https:\\\/\\\/www.bionicbird.com\\\/fr\\\/\"},{\"@type\":\"ListItem\",\"position\":2,\"name\":\"Boutique\",\"item\":\"https:\\\/\\\/www.bionicbird.com\\\/fr\\\/boutique\\\/\"},{\"@type\":\"ListItem\",\"position\":3,\"name\":\"Xplay joystick\"}]},{\"@type\":\"WebSite\",\"@id\":\"https:\\\/\\\/www.bionicbird.com\\\/fr\\\/#website\",\"url\":\"https:\\\/\\\/www.bionicbird.com\\\/fr\\\/\",\"name\":\"BIONIC BIRD - DRONES BIOMIM\u00c9TIQUES\",\"description\":\"Leader des drones t\u00e9l\u00e9command\u00e9s, inspir\u00e9s par le vol des oiseaux et des insectes\",\"alternateName\":\"BIONIC BIRD DRONES\",\"potentialAction\":[{\"@type\":\"SearchAction\",\"target\":{\"@type\":\"EntryPoint\",\"urlTemplate\":\"https:\\\/\\\/www.bionicbird.com\\\/fr\\\/?s={search_term_string}\"},\"query-input\":{\"@type\":\"PropertyValueSpecification\",\"valueRequired\":true,\"valueName\":\"search_term_string\"}}],\"inLanguage\":\"fr-FR\"}]}<\/script>\n<!-- \/ Yoast SEO plugin. -->","yoast_head_json":{"title":"Xplay joystick - X-Fly by BIONIC BIRD FR- DRONES BIOMIM\u00c9TIQUES","description":"Le joystick XPlay brevet\u00e9 - le contr\u00f4leur X-Fly par excellencePour les pilotes qui recherchent une interaction plus tactile et plus pr\u00e9cise, le XPlay est un accessoire indispensable. Ce joystick brevet\u00e9 transforme votre smartphone en une t\u00e9l\u00e9commande traditionnelle, vous donnant une ma\u00eetrise totale de votre drone X-Fly, ou de votre MetaBird.Le kit contient 1 joystick X-Play + 1 \u00e9lastique et des embouts en caoutchouc suppl\u00e9mentaires.","robots":{"index":"index","follow":"follow","max-snippet":"max-snippet:-1","max-image-preview":"max-image-preview:large","max-video-preview":"max-video-preview:-1"},"canonical":"https:\/\/www.bionicbird.com\/fr\/boutique\/xplay-joystick\/","og_locale":"fr_FR","og_type":"article","og_title":"Xplay joystick - X-Fly by BIONIC BIRD FR- DRONES BIOMIM\u00c9TIQUES","og_description":"Le joystick XPlay brevet\u00e9 - le contr\u00f4leur X-Fly par excellencePour les pilotes qui recherchent une interaction plus tactile et plus pr\u00e9cise, le XPlay est un accessoire indispensable. Ce joystick brevet\u00e9 transforme votre smartphone en une t\u00e9l\u00e9commande traditionnelle, vous donnant une ma\u00eetrise totale de votre drone X-Fly, ou de votre MetaBird.Le kit contient 1 joystick X-Play + 1 \u00e9lastique et des embouts en caoutchouc suppl\u00e9mentaires.","og_url":"https:\/\/www.bionicbird.com\/fr\/boutique\/xplay-joystick\/","og_site_name":"BIONIC BIRD FR- DRONES BIOMIM\u00c9TIQUES","article_publisher":"https:\/\/www.facebook.com\/BionicBird.officiel\/","article_modified_time":"2025-01-31T17:24:42+00:00","og_image":[{"width":769,"height":1000,"url":"https:\/\/www.bionicbird.com\/fr\/wp-content\/uploads\/sites\/4\/2024\/11\/XPLAY-image-xfly-produit.jpg","type":"image\/jpeg"}],"twitter_card":"summary_large_image","twitter_site":"@mybionicbird","twitter_misc":{"Dur\u00e9e de lecture estim\u00e9e":"2 minutes"},"schema":{"@context":"https:\/\/schema.org","@graph":[{"@type":"WebPage","@id":"https:\/\/www.bionicbird.com\/fr\/boutique\/xplay-joystick\/","url":"https:\/\/www.bionicbird.com\/fr\/boutique\/xplay-joystick\/","name":"Xplay joystick - X-Fly by BIONIC BIRD FR- DRONES BIOMIM\u00c9TIQUES","isPartOf":{"@id":"https:\/\/www.bionicbird.com\/fr\/#website"},"primaryImageOfPage":{"@id":"https:\/\/www.bionicbird.com\/fr\/boutique\/xplay-joystick\/#primaryimage"},"image":{"@id":"https:\/\/www.bionicbird.com\/fr\/boutique\/xplay-joystick\/#primaryimage"},"thumbnailUrl":"https:\/\/www.bionicbird.com\/fr\/wp-content\/uploads\/sites\/4\/2024\/11\/XPLAY-image-xfly-produit.jpg","datePublished":"2024-11-27T14:48:02+00:00","dateModified":"2025-01-31T17:24:42+00:00","description":"Le joystick XPlay brevet\u00e9 - le contr\u00f4leur X-Fly par excellencePour les pilotes qui recherchent une interaction plus tactile et plus pr\u00e9cise, le XPlay est un accessoire indispensable. Ce joystick brevet\u00e9 transforme votre smartphone en une t\u00e9l\u00e9commande traditionnelle, vous donnant une ma\u00eetrise totale de votre drone X-Fly, ou de votre MetaBird.Le kit contient 1 joystick X-Play + 1 \u00e9lastique et des embouts en caoutchouc suppl\u00e9mentaires.","breadcrumb":{"@id":"https:\/\/www.bionicbird.com\/fr\/boutique\/xplay-joystick\/#breadcrumb"},"inLanguage":"fr-FR","potentialAction":[{"@type":"ReadAction","target":["https:\/\/www.bionicbird.com\/fr\/boutique\/xplay-joystick\/"]}]},{"@type":"ImageObject","inLanguage":"fr-FR","@id":"https:\/\/www.bionicbird.com\/fr\/boutique\/xplay-joystick\/#primaryimage","url":"https:\/\/www.bionicbird.com\/fr\/wp-content\/uploads\/sites\/4\/2024\/11\/XPLAY-image-xfly-produit.jpg","contentUrl":"https:\/\/www.bionicbird.com\/fr\/wp-content\/uploads\/sites\/4\/2024\/11\/XPLAY-image-xfly-produit.jpg","width":769,"height":1000},{"@type":"BreadcrumbList","@id":"https:\/\/www.bionicbird.com\/fr\/boutique\/xplay-joystick\/#breadcrumb","itemListElement":[{"@type":"ListItem","position":1,"name":"Accueil","item":"https:\/\/www.bionicbird.com\/fr\/"},{"@type":"ListItem","position":2,"name":"Boutique","item":"https:\/\/www.bionicbird.com\/fr\/boutique\/"},{"@type":"ListItem","position":3,"name":"Xplay joystick"}]},{"@type":"WebSite","@id":"https:\/\/www.bionicbird.com\/fr\/#website","url":"https:\/\/www.bionicbird.com\/fr\/","name":"BIONIC BIRD - DRONES BIOMIM\u00c9TIQUES","description":"Leader des drones t\u00e9l\u00e9command\u00e9s, inspir\u00e9s par le vol des oiseaux et des insectes","alternateName":"BIONIC BIRD DRONES","potentialAction":[{"@type":"SearchAction","target":{"@type":"EntryPoint","urlTemplate":"https:\/\/www.bionicbird.com\/fr\/?s={search_term_string}"},"query-input":{"@type":"PropertyValueSpecification","valueRequired":true,"valueName":"search_term_string"}}],"inLanguage":"fr-FR"}]}},"_links":{"self":[{"href":"https:\/\/www.bionicbird.com\/fr\/wp-json\/wp\/v2\/product\/100249","targetHints":{"allow":["GET"]}}],"collection":[{"href":"https:\/\/www.bionicbird.com\/fr\/wp-json\/wp\/v2\/product"}],"about":[{"href":"https:\/\/www.bionicbird.com\/fr\/wp-json\/wp\/v2\/types\/product"}],"wp:featuredmedia":[{"embeddable":true,"href":"https:\/\/www.bionicbird.com\/fr\/wp-json\/wp\/v2\/media\/100250"}],"wp:attachment":[{"href":"https:\/\/www.bionicbird.com\/fr\/wp-json\/wp\/v2\/media?parent=100249"}],"wp:term":[{"taxonomy":"product_brand","embeddable":true,"href":"https:\/\/www.bionicbird.com\/fr\/wp-json\/wp\/v2\/product_brand?post=100249"},{"taxonomy":"product_cat","embeddable":true,"href":"https:\/\/www.bionicbird.com\/fr\/wp-json\/wp\/v2\/product_cat?post=100249"},{"taxonomy":"product_tag","embeddable":true,"href":"https:\/\/www.bionicbird.com\/fr\/wp-json\/wp\/v2\/product_tag?post=100249"}],"curies":[{"name":"wp","href":"https:\/\/api.w.org\/{rel}","templated":true}]}}