{"id":100256,"date":"2024-11-27T15:05:46","date_gmt":"2024-11-27T15:05:46","guid":{"rendered":"https:\/\/www.bionicbird.com\/fr\/?post_type=product&#038;p=100256"},"modified":"2025-12-03T17:27:09","modified_gmt":"2025-12-03T17:27:09","slug":"xf_camo_wings_kit","status":"publish","type":"product","link":"https:\/\/www.bionicbird.com\/fr\/boutique\/xf_camo_wings_kit\/","title":{"rendered":"XF camo wings kit"},"content":{"rendered":"<span class=\"et_bloom_bottom_trigger\"><\/span>","protected":false},"excerpt":{"rendered":"<p>Le kit contient 2 ailes, 1 queue et 1 gouvernail en design camouflage.<br \/>\nC&rsquo;est un accessoire pour personnaliser votre X-Fly en design camouflage.<\/p>\n","protected":false},"featured_media":100257,"template":"","meta":{"_et_pb_use_builder":"on","_et_pb_old_content":"","_et_gb_content_width":""},"product_brand":[],"product_cat":[57],"product_tag":[],"class_list":{"0":"post-100256","1":"product","2":"type-product","3":"status-publish","4":"has-post-thumbnail","6":"product_cat-add-ons-xfly","7":"product_shipping_class-full-packs","9":"first","10":"instock","11":"taxable","12":"shipping-taxable","13":"purchasable","14":"product-type-simple"},"yoast_head":"<!-- This site is optimized with the Yoast SEO plugin v27.4 - https:\/\/yoast.com\/product\/yoast-seo-wordpress\/ -->\n<title>XF camo wings kit - X-Fly by BIONIC BIRD FR- DRONES BIOMIM\u00c9TIQUES<\/title>\n<meta name=\"description\" content=\"Le kit contient 2 ailes, 1 queue et 1 gouvernail en design camouflage.C&#039;est un accessoire pour personnaliser votre X-Fly en design camouflage.\" \/>\n<meta name=\"robots\" content=\"index, follow, max-snippet:-1, max-image-preview:large, max-video-preview:-1\" \/>\n<link rel=\"canonical\" href=\"https:\/\/www.bionicbird.com\/fr\/boutique\/xf_camo_wings_kit\/\" \/>\n<meta property=\"og:locale\" content=\"fr_FR\" \/>\n<meta property=\"og:type\" content=\"article\" \/>\n<meta property=\"og:title\" content=\"XF camo wings kit - X-Fly by BIONIC BIRD FR- DRONES BIOMIM\u00c9TIQUES\" \/>\n<meta property=\"og:description\" content=\"Le kit contient 2 ailes, 1 queue et 1 gouvernail en design camouflage.C&#039;est un accessoire pour personnaliser votre X-Fly en design camouflage.\" \/>\n<meta property=\"og:url\" content=\"https:\/\/www.bionicbird.com\/fr\/boutique\/xf_camo_wings_kit\/\" \/>\n<meta property=\"og:site_name\" content=\"BIONIC BIRD FR- DRONES BIOMIM\u00c9TIQUES\" \/>\n<meta property=\"article:publisher\" content=\"https:\/\/www.facebook.com\/BionicBird.officiel\/\" \/>\n<meta property=\"article:modified_time\" content=\"2025-12-03T17:27:09+00:00\" \/>\n<meta property=\"og:image\" content=\"https:\/\/www.bionicbird.com\/fr\/wp-content\/uploads\/sites\/4\/2024\/11\/kit-army-1024x622.png\" \/>\n\t<meta property=\"og:image:width\" content=\"1024\" \/>\n\t<meta property=\"og:image:height\" content=\"622\" \/>\n\t<meta property=\"og:image:type\" content=\"image\/png\" \/>\n<meta name=\"twitter:card\" content=\"summary_large_image\" \/>\n<meta name=\"twitter:site\" content=\"@mybionicbird\" \/>\n<meta name=\"twitter:label1\" content=\"Dur\u00e9e de lecture estim\u00e9e\" \/>\n\t<meta name=\"twitter:data1\" content=\"1 minute\" \/>\n<script type=\"application\/ld+json\" class=\"yoast-schema-graph\">{\"@context\":\"https:\\\/\\\/schema.org\",\"@graph\":[{\"@type\":\"WebPage\",\"@id\":\"https:\\\/\\\/www.bionicbird.com\\\/fr\\\/boutique\\\/xf_camo_wings_kit\\\/\",\"url\":\"https:\\\/\\\/www.bionicbird.com\\\/fr\\\/boutique\\\/xf_camo_wings_kit\\\/\",\"name\":\"XF camo wings kit - X-Fly by BIONIC BIRD FR- DRONES BIOMIM\u00c9TIQUES\",\"isPartOf\":{\"@id\":\"https:\\\/\\\/www.bionicbird.com\\\/fr\\\/#website\"},\"primaryImageOfPage\":{\"@id\":\"https:\\\/\\\/www.bionicbird.com\\\/fr\\\/boutique\\\/xf_camo_wings_kit\\\/#primaryimage\"},\"image\":{\"@id\":\"https:\\\/\\\/www.bionicbird.com\\\/fr\\\/boutique\\\/xf_camo_wings_kit\\\/#primaryimage\"},\"thumbnailUrl\":\"https:\\\/\\\/www.bionicbird.com\\\/fr\\\/wp-content\\\/uploads\\\/sites\\\/4\\\/2024\\\/11\\\/kit-army.png\",\"datePublished\":\"2024-11-27T15:05:46+00:00\",\"dateModified\":\"2025-12-03T17:27:09+00:00\",\"description\":\"Le kit contient 2 ailes, 1 queue et 1 gouvernail en design camouflage.C'est un accessoire pour personnaliser votre X-Fly en design camouflage.\",\"breadcrumb\":{\"@id\":\"https:\\\/\\\/www.bionicbird.com\\\/fr\\\/boutique\\\/xf_camo_wings_kit\\\/#breadcrumb\"},\"inLanguage\":\"fr-FR\",\"potentialAction\":[{\"@type\":\"ReadAction\",\"target\":[\"https:\\\/\\\/www.bionicbird.com\\\/fr\\\/boutique\\\/xf_camo_wings_kit\\\/\"]}]},{\"@type\":\"ImageObject\",\"inLanguage\":\"fr-FR\",\"@id\":\"https:\\\/\\\/www.bionicbird.com\\\/fr\\\/boutique\\\/xf_camo_wings_kit\\\/#primaryimage\",\"url\":\"https:\\\/\\\/www.bionicbird.com\\\/fr\\\/wp-content\\\/uploads\\\/sites\\\/4\\\/2024\\\/11\\\/kit-army.png\",\"contentUrl\":\"https:\\\/\\\/www.bionicbird.com\\\/fr\\\/wp-content\\\/uploads\\\/sites\\\/4\\\/2024\\\/11\\\/kit-army.png\",\"width\":2500,\"height\":1519,\"caption\":\"kit army wings XFly\"},{\"@type\":\"BreadcrumbList\",\"@id\":\"https:\\\/\\\/www.bionicbird.com\\\/fr\\\/boutique\\\/xf_camo_wings_kit\\\/#breadcrumb\",\"itemListElement\":[{\"@type\":\"ListItem\",\"position\":1,\"name\":\"Accueil\",\"item\":\"https:\\\/\\\/www.bionicbird.com\\\/fr\\\/\"},{\"@type\":\"ListItem\",\"position\":2,\"name\":\"Boutique\",\"item\":\"https:\\\/\\\/www.bionicbird.com\\\/fr\\\/boutique\\\/\"},{\"@type\":\"ListItem\",\"position\":3,\"name\":\"XF camo wings kit\"}]},{\"@type\":\"WebSite\",\"@id\":\"https:\\\/\\\/www.bionicbird.com\\\/fr\\\/#website\",\"url\":\"https:\\\/\\\/www.bionicbird.com\\\/fr\\\/\",\"name\":\"BIONIC BIRD - DRONES BIOMIM\u00c9TIQUES\",\"description\":\"Leader des drones t\u00e9l\u00e9command\u00e9s, inspir\u00e9s par le vol des oiseaux et des insectes\",\"alternateName\":\"BIONIC BIRD DRONES\",\"potentialAction\":[{\"@type\":\"SearchAction\",\"target\":{\"@type\":\"EntryPoint\",\"urlTemplate\":\"https:\\\/\\\/www.bionicbird.com\\\/fr\\\/?s={search_term_string}\"},\"query-input\":{\"@type\":\"PropertyValueSpecification\",\"valueRequired\":true,\"valueName\":\"search_term_string\"}}],\"inLanguage\":\"fr-FR\"}]}<\/script>\n<!-- \/ Yoast SEO plugin. -->","yoast_head_json":{"title":"XF camo wings kit - X-Fly by BIONIC BIRD FR- DRONES BIOMIM\u00c9TIQUES","description":"Le kit contient 2 ailes, 1 queue et 1 gouvernail en design camouflage.C'est un accessoire pour personnaliser votre X-Fly en design camouflage.","robots":{"index":"index","follow":"follow","max-snippet":"max-snippet:-1","max-image-preview":"max-image-preview:large","max-video-preview":"max-video-preview:-1"},"canonical":"https:\/\/www.bionicbird.com\/fr\/boutique\/xf_camo_wings_kit\/","og_locale":"fr_FR","og_type":"article","og_title":"XF camo wings kit - X-Fly by BIONIC BIRD FR- DRONES BIOMIM\u00c9TIQUES","og_description":"Le kit contient 2 ailes, 1 queue et 1 gouvernail en design camouflage.C'est un accessoire pour personnaliser votre X-Fly en design camouflage.","og_url":"https:\/\/www.bionicbird.com\/fr\/boutique\/xf_camo_wings_kit\/","og_site_name":"BIONIC BIRD FR- DRONES BIOMIM\u00c9TIQUES","article_publisher":"https:\/\/www.facebook.com\/BionicBird.officiel\/","article_modified_time":"2025-12-03T17:27:09+00:00","og_image":[{"width":1024,"height":622,"url":"https:\/\/www.bionicbird.com\/fr\/wp-content\/uploads\/sites\/4\/2024\/11\/kit-army-1024x622.png","type":"image\/png"}],"twitter_card":"summary_large_image","twitter_site":"@mybionicbird","twitter_misc":{"Dur\u00e9e de lecture estim\u00e9e":"1 minute"},"schema":{"@context":"https:\/\/schema.org","@graph":[{"@type":"WebPage","@id":"https:\/\/www.bionicbird.com\/fr\/boutique\/xf_camo_wings_kit\/","url":"https:\/\/www.bionicbird.com\/fr\/boutique\/xf_camo_wings_kit\/","name":"XF camo wings kit - X-Fly by BIONIC BIRD FR- DRONES BIOMIM\u00c9TIQUES","isPartOf":{"@id":"https:\/\/www.bionicbird.com\/fr\/#website"},"primaryImageOfPage":{"@id":"https:\/\/www.bionicbird.com\/fr\/boutique\/xf_camo_wings_kit\/#primaryimage"},"image":{"@id":"https:\/\/www.bionicbird.com\/fr\/boutique\/xf_camo_wings_kit\/#primaryimage"},"thumbnailUrl":"https:\/\/www.bionicbird.com\/fr\/wp-content\/uploads\/sites\/4\/2024\/11\/kit-army.png","datePublished":"2024-11-27T15:05:46+00:00","dateModified":"2025-12-03T17:27:09+00:00","description":"Le kit contient 2 ailes, 1 queue et 1 gouvernail en design camouflage.C'est un accessoire pour personnaliser votre X-Fly en design camouflage.","breadcrumb":{"@id":"https:\/\/www.bionicbird.com\/fr\/boutique\/xf_camo_wings_kit\/#breadcrumb"},"inLanguage":"fr-FR","potentialAction":[{"@type":"ReadAction","target":["https:\/\/www.bionicbird.com\/fr\/boutique\/xf_camo_wings_kit\/"]}]},{"@type":"ImageObject","inLanguage":"fr-FR","@id":"https:\/\/www.bionicbird.com\/fr\/boutique\/xf_camo_wings_kit\/#primaryimage","url":"https:\/\/www.bionicbird.com\/fr\/wp-content\/uploads\/sites\/4\/2024\/11\/kit-army.png","contentUrl":"https:\/\/www.bionicbird.com\/fr\/wp-content\/uploads\/sites\/4\/2024\/11\/kit-army.png","width":2500,"height":1519,"caption":"kit army wings XFly"},{"@type":"BreadcrumbList","@id":"https:\/\/www.bionicbird.com\/fr\/boutique\/xf_camo_wings_kit\/#breadcrumb","itemListElement":[{"@type":"ListItem","position":1,"name":"Accueil","item":"https:\/\/www.bionicbird.com\/fr\/"},{"@type":"ListItem","position":2,"name":"Boutique","item":"https:\/\/www.bionicbird.com\/fr\/boutique\/"},{"@type":"ListItem","position":3,"name":"XF camo wings kit"}]},{"@type":"WebSite","@id":"https:\/\/www.bionicbird.com\/fr\/#website","url":"https:\/\/www.bionicbird.com\/fr\/","name":"BIONIC BIRD - DRONES BIOMIM\u00c9TIQUES","description":"Leader des drones t\u00e9l\u00e9command\u00e9s, inspir\u00e9s par le vol des oiseaux et des insectes","alternateName":"BIONIC BIRD DRONES","potentialAction":[{"@type":"SearchAction","target":{"@type":"EntryPoint","urlTemplate":"https:\/\/www.bionicbird.com\/fr\/?s={search_term_string}"},"query-input":{"@type":"PropertyValueSpecification","valueRequired":true,"valueName":"search_term_string"}}],"inLanguage":"fr-FR"}]}},"_links":{"self":[{"href":"https:\/\/www.bionicbird.com\/fr\/wp-json\/wp\/v2\/product\/100256","targetHints":{"allow":["GET"]}}],"collection":[{"href":"https:\/\/www.bionicbird.com\/fr\/wp-json\/wp\/v2\/product"}],"about":[{"href":"https:\/\/www.bionicbird.com\/fr\/wp-json\/wp\/v2\/types\/product"}],"wp:featuredmedia":[{"embeddable":true,"href":"https:\/\/www.bionicbird.com\/fr\/wp-json\/wp\/v2\/media\/100257"}],"wp:attachment":[{"href":"https:\/\/www.bionicbird.com\/fr\/wp-json\/wp\/v2\/media?parent=100256"}],"wp:term":[{"taxonomy":"product_brand","embeddable":true,"href":"https:\/\/www.bionicbird.com\/fr\/wp-json\/wp\/v2\/product_brand?post=100256"},{"taxonomy":"product_cat","embeddable":true,"href":"https:\/\/www.bionicbird.com\/fr\/wp-json\/wp\/v2\/product_cat?post=100256"},{"taxonomy":"product_tag","embeddable":true,"href":"https:\/\/www.bionicbird.com\/fr\/wp-json\/wp\/v2\/product_tag?post=100256"}],"curies":[{"name":"wp","href":"https:\/\/api.w.org\/{rel}","templated":true}]}}