{"id":418,"date":"2024-09-10T09:09:44","date_gmt":"2024-09-10T09:09:44","guid":{"rendered":"https:\/\/www.bionicbird.com\/fr\/?post_type=product&#038;p=418"},"modified":"2025-01-31T17:35:26","modified_gmt":"2025-01-31T17:35:26","slug":"chargeur-usb","status":"publish","type":"product","link":"https:\/\/www.bionicbird.com\/fr\/boutique\/chargeur-usb\/","title":{"rendered":"Chargeur USB"},"content":{"rendered":"<p>[et_pb_section fb_built=\u00a0\u00bb1&Prime; _builder_version=\u00a0\u00bb4.16&Prime; background_enable_color=\u00a0\u00bboff\u00a0\u00bb background_enable_image=\u00a0\u00bboff\u00a0\u00bb background_size=\u00a0\u00bbcontain\u00a0\u00bb background_repeat=\u00a0\u00bbrepeat\u00a0\u00bb max_width=\u00a0\u00bb100%\u00a0\u00bb custom_padding=\u00a0\u00bb0px||0px||false|false\u00a0\u00bb da_disable_devices=\u00a0\u00bboff|off|off\u00a0\u00bb locked=\u00a0\u00bboff\u00a0\u00bb collapsed=\u00a0\u00bboff\u00a0\u00bb global_colors_info=\u00a0\u00bb{}\u00a0\u00bb da_is_popup=\u00a0\u00bboff\u00a0\u00bb da_exit_intent=\u00a0\u00bboff\u00a0\u00bb da_has_close=\u00a0\u00bbon\u00a0\u00bb da_alt_close=\u00a0\u00bboff\u00a0\u00bb da_dark_close=\u00a0\u00bboff\u00a0\u00bb da_not_modal=\u00a0\u00bbon\u00a0\u00bb da_is_singular=\u00a0\u00bboff\u00a0\u00bb da_with_loader=\u00a0\u00bboff\u00a0\u00bb da_has_shadow=\u00a0\u00bbon\u00a0\u00bb][et_pb_row _builder_version=\u00a0\u00bb4.16&Prime; background_size=\u00a0\u00bbinitial\u00a0\u00bb background_position=\u00a0\u00bbtop_left\u00a0\u00bb background_repeat=\u00a0\u00bbrepeat\u00a0\u00bb max_width=\u00a0\u00bb80%\u00a0\u00bb custom_padding=\u00a0\u00bb0px||0px||false|false\u00a0\u00bb global_colors_info=\u00a0\u00bb{}\u00a0\u00bb][et_pb_column type=\u00a0\u00bb4_4&Prime; _builder_version=\u00a0\u00bb4.16&Prime; custom_padding=\u00a0\u00bb|||\u00a0\u00bb global_colors_info=\u00a0\u00bb{}\u00a0\u00bb custom_padding__hover=\u00a0\u00bb|||\u00a0\u00bb][et_pb_wc_cart_notice _builder_version=\u00a0\u00bb4.16&Prime; global_colors_info=\u00a0\u00bb{}\u00a0\u00bb][\/et_pb_wc_cart_notice][\/et_pb_column][\/et_pb_row][et_pb_row column_structure=\u00a0\u00bb3_5,2_5&Prime; module_class=\u00a0\u00bbmodule-variable\u00a0\u00bb _builder_version=\u00a0\u00bb4.16&Prime; background_size=\u00a0\u00bbinitial\u00a0\u00bb background_position=\u00a0\u00bbtop_left\u00a0\u00bb background_repeat=\u00a0\u00bbrepeat\u00a0\u00bb width=\u00a0\u00bb100%\u00a0\u00bb max_width=\u00a0\u00bb80%\u00a0\u00bb custom_margin=\u00a0\u00bb25px||||false|false\u00a0\u00bb custom_padding=\u00a0\u00bb25px||||false|false\u00a0\u00bb collapsed=\u00a0\u00bboff\u00a0\u00bb global_colors_info=\u00a0\u00bb{}\u00a0\u00bb][et_pb_column type=\u00a0\u00bb3_5&Prime; _builder_version=\u00a0\u00bb4.16&Prime; custom_padding=\u00a0\u00bb|||\u00a0\u00bb global_colors_info=\u00a0\u00bb{}\u00a0\u00bb custom_padding__hover=\u00a0\u00bb|||\u00a0\u00bb][et_pb_wc_images _builder_version=\u00a0\u00bb4.16&Prime; global_colors_info=\u00a0\u00bb{}\u00a0\u00bb][\/et_pb_wc_images][\/et_pb_column][et_pb_column type=\u00a0\u00bb2_5&Prime; _builder_version=\u00a0\u00bb4.16&Prime; custom_padding=\u00a0\u00bb|||\u00a0\u00bb global_colors_info=\u00a0\u00bb{}\u00a0\u00bb custom_padding__hover=\u00a0\u00bb|||\u00a0\u00bb][et_pb_wc_title _builder_version=\u00a0\u00bb4.16&Prime; custom_margin=\u00a0\u00bb25px||27px||false|false\u00a0\u00bb global_colors_info=\u00a0\u00bb{}\u00a0\u00bb][\/et_pb_wc_title][et_pb_wc_price _builder_version=\u00a0\u00bb4.16&Prime; body_font=\u00a0\u00bb|700|||||||\u00a0\u00bb body_text_color=\u00a0\u00bb#333333&Prime; custom_margin=\u00a0\u00bb||9px|||\u00a0\u00bb global_colors_info=\u00a0\u00bb{}\u00a0\u00bb][\/et_pb_wc_price][et_pb_wc_description _builder_version=\u00a0\u00bb4.16&Prime; custom_margin=\u00a0\u00bb||20px||false|false\u00a0\u00bb global_colors_info=\u00a0\u00bb{}\u00a0\u00bb][\/et_pb_wc_description][et_pb_wc_add_to_cart _builder_version=\u00a0\u00bb4.16&Prime; body_font=\u00a0\u00bb|800|||||||\u00a0\u00bb body_font_size=\u00a0\u00bb18px\u00a0\u00bb global_colors_info=\u00a0\u00bb{}\u00a0\u00bb][\/et_pb_wc_add_to_cart][et_pb_blurb use_icon=\u00a0\u00bbon\u00a0\u00bb font_icon=\u00a0\u00bb&#xe012;||divi||400&Prime; icon_placement=\u00a0\u00bbleft\u00a0\u00bb image_icon_width=\u00a0\u00bb21px\u00a0\u00bb _builder_version=\u00a0\u00bb4.16&Prime; icon_font_size=\u00a0\u00bb21px\u00a0\u00bb global_colors_info=\u00a0\u00bb{}\u00a0\u00bb]Qualit\u00e9 garantie[\/et_pb_blurb][et_pb_text disabled_on=\u00a0\u00bbon|off|off\u00a0\u00bb admin_label=\u00a0\u00bbcompatibility\u00a0\u00bb _builder_version=\u00a0\u00bb4.16&Prime; text_font_size=\u00a0\u00bb13px\u00a0\u00bb text_line_height=\u00a0\u00bb1em\u00a0\u00bb header_font_size=\u00a0\u00bb24px\u00a0\u00bb header_2_font_size=\u00a0\u00bb22px\u00a0\u00bb header_3_text_color=\u00a0\u00bb#6b6b6b\u00a0\u00bb custom_margin=\u00a0\u00bb19px||||false|false\u00a0\u00bb custom_padding=\u00a0\u00bb16px||57px||false|false\u00a0\u00bb border_radii=\u00a0\u00bbon|1px|1px|1px|1px\u00a0\u00bb border_width_all=\u00a0\u00bb3px\u00a0\u00bb border_color_all=\u00a0\u00bb#b3b3b3&Prime; box_shadow_style=\u00a0\u00bbpreset3&Prime; locked=\u00a0\u00bboff\u00a0\u00bb global_colors_info=\u00a0\u00bb{}\u00a0\u00bb]<\/p>\n<h3 style=\"text-align: center;\">Compatibility<\/h3>\n<table class=\" aligncenter\" style=\"margin-left: auto; margin-right: auto; width: 310px;\">\n<tbody>\n<tr>\n<td style=\"text-align: left; width: 117px;\">MetaFly<\/td>\n<td style=\"text-align: center; width: 45px;\"><img loading=\"lazy\" decoding=\"async\" class=\"wp-image-20193 alignnone size-full\" src=\"http:\/\/www.bionicbird.com\/world\/wp-content\/uploads\/sites\/2\/2020\/05\/coche_verte.png\" alt=\"\" width=\"25\" height=\"25\" \/><\/td>\n<td style=\"text-align: left; width: 124px;\">All models<\/td>\n<\/tr>\n<tr style=\"text-align: center;\">\n<td style=\"text-align: left; width: 117px;\">MetaBird<\/td>\n<td style=\"width: 45px;\"><img loading=\"lazy\" decoding=\"async\" class=\"wp-image-20193 alignnone size-full\" src=\"http:\/\/www.bionicbird.com\/world\/wp-content\/uploads\/sites\/2\/2020\/05\/coche_verte.png\" alt=\"\" width=\"25\" height=\"25\" \/><\/td>\n<td style=\"text-align: left; width: 124px;\">All models<\/td>\n<\/tr>\n<tr style=\"text-align: center;\">\n<td style=\"text-align: left; width: 117px;\">Bionic Bird<\/td>\n<td style=\"width: 45px;\"><img loading=\"lazy\" decoding=\"async\" class=\"wp-image-20191 alignnone size-full\" src=\"http:\/\/www.bionicbird.com\/world\/wp-content\/uploads\/sites\/2\/2020\/05\/croix_rouge.png\" alt=\"\" width=\"25\" height=\"25\" \/><\/td>\n<td style=\"text-align: left; width: 124px;\">All models<\/td>\n<\/tr>\n<tr style=\"text-align: center;\">\n<td style=\"text-align: left; width: 117px;\">Avitron<\/td>\n<td style=\"width: 45px;\"><img loading=\"lazy\" decoding=\"async\" class=\"wp-image-20193 alignnone size-full\" src=\"http:\/\/www.bionicbird.com\/world\/wp-content\/uploads\/sites\/2\/2020\/05\/coche_verte.png\" alt=\"\" width=\"25\" height=\"25\" \/><\/td>\n<td style=\"text-align: left; width: 124px;\">All models<\/td>\n<\/tr>\n<\/tbody>\n<\/table>\n<p>[\/et_pb_text][\/et_pb_column][\/et_pb_row][\/et_pb_section]<\/p>\n<span class=\"et_bloom_bottom_trigger\"><\/span>","protected":false},"excerpt":{"rendered":"<p>Ce kit contient 1 <strong>chargeur<\/strong> <strong>USB<\/strong> et son<strong> cable<\/strong>. Il vous permettra de charger votre <strong>MetaFly<\/strong> sur n&rsquo;importe quel port USB (ordinateur, chargeur de smartphone, port USB de voiture ou m\u00eame power bank). Et donc d&rsquo;\u00e9conomiser les piles de la radiocommande.<\/p>\n<p>Pour le <strong>MetaBird<\/strong> il est inclus avec le produit, et sert juste de pi\u00e8ce de rechange en cas de perte.<\/p>\n","protected":false},"featured_media":444,"template":"","meta":{"_et_pb_use_builder":"on","_et_pb_old_content":"","_et_gb_content_width":""},"product_brand":[],"product_cat":[42,35],"product_tag":[36],"class_list":{"0":"post-418","1":"product","2":"type-product","3":"status-publish","4":"has-post-thumbnail","6":"product_cat-accessoires-metafly","7":"product_cat-pieces-metabird","8":"product_tag-pieces-detachees","9":"product_shipping_class-wings-and-tails","11":"first","12":"instock","13":"taxable","14":"shipping-taxable","15":"purchasable","16":"product-type-simple"},"yoast_head":"<!-- This site is optimized with the Yoast SEO plugin v27.4 - https:\/\/yoast.com\/product\/yoast-seo-wordpress\/ -->\n<title>Chargeur USB - MetaFly by Bionic Bird<\/title>\n<meta name=\"description\" content=\"Chargeur USB -Ajoutez des accessoires \u00e0 votre MetaFly.\" \/>\n<meta name=\"robots\" content=\"index, follow, max-snippet:-1, max-image-preview:large, max-video-preview:-1\" \/>\n<link rel=\"canonical\" href=\"https:\/\/www.bionicbird.com\/fr\/boutique\/chargeur-usb\/\" \/>\n<meta property=\"og:locale\" content=\"fr_FR\" \/>\n<meta property=\"og:type\" content=\"article\" \/>\n<meta property=\"og:title\" content=\"Chargeur USB - MetaFly by Bionic Bird\" \/>\n<meta property=\"og:description\" content=\"Chargeur USB -Ajoutez des accessoires \u00e0 votre MetaFly.\" \/>\n<meta property=\"og:url\" content=\"https:\/\/www.bionicbird.com\/fr\/boutique\/chargeur-usb\/\" \/>\n<meta property=\"og:site_name\" content=\"BIONIC BIRD FR- DRONES BIOMIM\u00c9TIQUES\" \/>\n<meta property=\"article:publisher\" content=\"https:\/\/www.facebook.com\/BionicBird.officiel\/\" \/>\n<meta property=\"article:modified_time\" content=\"2025-01-31T17:35:26+00:00\" \/>\n<meta property=\"og:image\" content=\"https:\/\/www.bionicbird.com\/fr\/wp-content\/uploads\/sites\/4\/2024\/09\/USB-charger-1.png\" \/>\n\t<meta property=\"og:image:width\" content=\"1829\" \/>\n\t<meta property=\"og:image:height\" content=\"1529\" \/>\n\t<meta property=\"og:image:type\" content=\"image\/png\" \/>\n<meta name=\"twitter:card\" content=\"summary_large_image\" \/>\n<meta name=\"twitter:site\" content=\"@mybionicbird\" \/>\n<meta name=\"twitter:label1\" content=\"Dur\u00e9e de lecture estim\u00e9e\" \/>\n\t<meta name=\"twitter:data1\" content=\"2 minutes\" \/>\n<script type=\"application\/ld+json\" class=\"yoast-schema-graph\">{\"@context\":\"https:\\\/\\\/schema.org\",\"@graph\":[{\"@type\":\"WebPage\",\"@id\":\"https:\\\/\\\/www.bionicbird.com\\\/fr\\\/boutique\\\/chargeur-usb\\\/\",\"url\":\"https:\\\/\\\/www.bionicbird.com\\\/fr\\\/boutique\\\/chargeur-usb\\\/\",\"name\":\"Chargeur USB - MetaFly by Bionic Bird\",\"isPartOf\":{\"@id\":\"https:\\\/\\\/www.bionicbird.com\\\/fr\\\/#website\"},\"primaryImageOfPage\":{\"@id\":\"https:\\\/\\\/www.bionicbird.com\\\/fr\\\/boutique\\\/chargeur-usb\\\/#primaryimage\"},\"image\":{\"@id\":\"https:\\\/\\\/www.bionicbird.com\\\/fr\\\/boutique\\\/chargeur-usb\\\/#primaryimage\"},\"thumbnailUrl\":\"https:\\\/\\\/www.bionicbird.com\\\/fr\\\/wp-content\\\/uploads\\\/sites\\\/4\\\/2024\\\/09\\\/USB-charger-1.png\",\"datePublished\":\"2024-09-10T09:09:44+00:00\",\"dateModified\":\"2025-01-31T17:35:26+00:00\",\"description\":\"Chargeur USB -Ajoutez des accessoires \u00e0 votre MetaFly.\",\"breadcrumb\":{\"@id\":\"https:\\\/\\\/www.bionicbird.com\\\/fr\\\/boutique\\\/chargeur-usb\\\/#breadcrumb\"},\"inLanguage\":\"fr-FR\",\"potentialAction\":[{\"@type\":\"ReadAction\",\"target\":[\"https:\\\/\\\/www.bionicbird.com\\\/fr\\\/boutique\\\/chargeur-usb\\\/\"]}]},{\"@type\":\"ImageObject\",\"inLanguage\":\"fr-FR\",\"@id\":\"https:\\\/\\\/www.bionicbird.com\\\/fr\\\/boutique\\\/chargeur-usb\\\/#primaryimage\",\"url\":\"https:\\\/\\\/www.bionicbird.com\\\/fr\\\/wp-content\\\/uploads\\\/sites\\\/4\\\/2024\\\/09\\\/USB-charger-1.png\",\"contentUrl\":\"https:\\\/\\\/www.bionicbird.com\\\/fr\\\/wp-content\\\/uploads\\\/sites\\\/4\\\/2024\\\/09\\\/USB-charger-1.png\",\"width\":1829,\"height\":1529},{\"@type\":\"BreadcrumbList\",\"@id\":\"https:\\\/\\\/www.bionicbird.com\\\/fr\\\/boutique\\\/chargeur-usb\\\/#breadcrumb\",\"itemListElement\":[{\"@type\":\"ListItem\",\"position\":1,\"name\":\"Accueil\",\"item\":\"https:\\\/\\\/www.bionicbird.com\\\/fr\\\/\"},{\"@type\":\"ListItem\",\"position\":2,\"name\":\"Boutique\",\"item\":\"https:\\\/\\\/www.bionicbird.com\\\/fr\\\/boutique\\\/\"},{\"@type\":\"ListItem\",\"position\":3,\"name\":\"Chargeur USB\"}]},{\"@type\":\"WebSite\",\"@id\":\"https:\\\/\\\/www.bionicbird.com\\\/fr\\\/#website\",\"url\":\"https:\\\/\\\/www.bionicbird.com\\\/fr\\\/\",\"name\":\"BIONIC BIRD - DRONES BIOMIM\u00c9TIQUES\",\"description\":\"Leader des drones t\u00e9l\u00e9command\u00e9s, inspir\u00e9s par le vol des oiseaux et des insectes\",\"alternateName\":\"BIONIC BIRD DRONES\",\"potentialAction\":[{\"@type\":\"SearchAction\",\"target\":{\"@type\":\"EntryPoint\",\"urlTemplate\":\"https:\\\/\\\/www.bionicbird.com\\\/fr\\\/?s={search_term_string}\"},\"query-input\":{\"@type\":\"PropertyValueSpecification\",\"valueRequired\":true,\"valueName\":\"search_term_string\"}}],\"inLanguage\":\"fr-FR\"}]}<\/script>\n<!-- \/ Yoast SEO plugin. -->","yoast_head_json":{"title":"Chargeur USB - MetaFly by Bionic Bird","description":"Chargeur USB -Ajoutez des accessoires \u00e0 votre MetaFly.","robots":{"index":"index","follow":"follow","max-snippet":"max-snippet:-1","max-image-preview":"max-image-preview:large","max-video-preview":"max-video-preview:-1"},"canonical":"https:\/\/www.bionicbird.com\/fr\/boutique\/chargeur-usb\/","og_locale":"fr_FR","og_type":"article","og_title":"Chargeur USB - MetaFly by Bionic Bird","og_description":"Chargeur USB -Ajoutez des accessoires \u00e0 votre MetaFly.","og_url":"https:\/\/www.bionicbird.com\/fr\/boutique\/chargeur-usb\/","og_site_name":"BIONIC BIRD FR- DRONES BIOMIM\u00c9TIQUES","article_publisher":"https:\/\/www.facebook.com\/BionicBird.officiel\/","article_modified_time":"2025-01-31T17:35:26+00:00","og_image":[{"width":1829,"height":1529,"url":"https:\/\/www.bionicbird.com\/fr\/wp-content\/uploads\/sites\/4\/2024\/09\/USB-charger-1.png","type":"image\/png"}],"twitter_card":"summary_large_image","twitter_site":"@mybionicbird","twitter_misc":{"Dur\u00e9e de lecture estim\u00e9e":"2 minutes"},"schema":{"@context":"https:\/\/schema.org","@graph":[{"@type":"WebPage","@id":"https:\/\/www.bionicbird.com\/fr\/boutique\/chargeur-usb\/","url":"https:\/\/www.bionicbird.com\/fr\/boutique\/chargeur-usb\/","name":"Chargeur USB - MetaFly by Bionic Bird","isPartOf":{"@id":"https:\/\/www.bionicbird.com\/fr\/#website"},"primaryImageOfPage":{"@id":"https:\/\/www.bionicbird.com\/fr\/boutique\/chargeur-usb\/#primaryimage"},"image":{"@id":"https:\/\/www.bionicbird.com\/fr\/boutique\/chargeur-usb\/#primaryimage"},"thumbnailUrl":"https:\/\/www.bionicbird.com\/fr\/wp-content\/uploads\/sites\/4\/2024\/09\/USB-charger-1.png","datePublished":"2024-09-10T09:09:44+00:00","dateModified":"2025-01-31T17:35:26+00:00","description":"Chargeur USB -Ajoutez des accessoires \u00e0 votre MetaFly.","breadcrumb":{"@id":"https:\/\/www.bionicbird.com\/fr\/boutique\/chargeur-usb\/#breadcrumb"},"inLanguage":"fr-FR","potentialAction":[{"@type":"ReadAction","target":["https:\/\/www.bionicbird.com\/fr\/boutique\/chargeur-usb\/"]}]},{"@type":"ImageObject","inLanguage":"fr-FR","@id":"https:\/\/www.bionicbird.com\/fr\/boutique\/chargeur-usb\/#primaryimage","url":"https:\/\/www.bionicbird.com\/fr\/wp-content\/uploads\/sites\/4\/2024\/09\/USB-charger-1.png","contentUrl":"https:\/\/www.bionicbird.com\/fr\/wp-content\/uploads\/sites\/4\/2024\/09\/USB-charger-1.png","width":1829,"height":1529},{"@type":"BreadcrumbList","@id":"https:\/\/www.bionicbird.com\/fr\/boutique\/chargeur-usb\/#breadcrumb","itemListElement":[{"@type":"ListItem","position":1,"name":"Accueil","item":"https:\/\/www.bionicbird.com\/fr\/"},{"@type":"ListItem","position":2,"name":"Boutique","item":"https:\/\/www.bionicbird.com\/fr\/boutique\/"},{"@type":"ListItem","position":3,"name":"Chargeur USB"}]},{"@type":"WebSite","@id":"https:\/\/www.bionicbird.com\/fr\/#website","url":"https:\/\/www.bionicbird.com\/fr\/","name":"BIONIC BIRD - DRONES BIOMIM\u00c9TIQUES","description":"Leader des drones t\u00e9l\u00e9command\u00e9s, inspir\u00e9s par le vol des oiseaux et des insectes","alternateName":"BIONIC BIRD DRONES","potentialAction":[{"@type":"SearchAction","target":{"@type":"EntryPoint","urlTemplate":"https:\/\/www.bionicbird.com\/fr\/?s={search_term_string}"},"query-input":{"@type":"PropertyValueSpecification","valueRequired":true,"valueName":"search_term_string"}}],"inLanguage":"fr-FR"}]}},"_links":{"self":[{"href":"https:\/\/www.bionicbird.com\/fr\/wp-json\/wp\/v2\/product\/418","targetHints":{"allow":["GET"]}}],"collection":[{"href":"https:\/\/www.bionicbird.com\/fr\/wp-json\/wp\/v2\/product"}],"about":[{"href":"https:\/\/www.bionicbird.com\/fr\/wp-json\/wp\/v2\/types\/product"}],"wp:featuredmedia":[{"embeddable":true,"href":"https:\/\/www.bionicbird.com\/fr\/wp-json\/wp\/v2\/media\/444"}],"wp:attachment":[{"href":"https:\/\/www.bionicbird.com\/fr\/wp-json\/wp\/v2\/media?parent=418"}],"wp:term":[{"taxonomy":"product_brand","embeddable":true,"href":"https:\/\/www.bionicbird.com\/fr\/wp-json\/wp\/v2\/product_brand?post=418"},{"taxonomy":"product_cat","embeddable":true,"href":"https:\/\/www.bionicbird.com\/fr\/wp-json\/wp\/v2\/product_cat?post=418"},{"taxonomy":"product_tag","embeddable":true,"href":"https:\/\/www.bionicbird.com\/fr\/wp-json\/wp\/v2\/product_tag?post=418"}],"curies":[{"name":"wp","href":"https:\/\/api.w.org\/{rel}","templated":true}]}}