{"id":419,"date":"2024-09-10T09:09:44","date_gmt":"2024-09-10T09:09:44","guid":{"rendered":"https:\/\/www.bionicbird.com\/fr\/?post_type=product&#038;p=419"},"modified":"2025-12-01T20:09:24","modified_gmt":"2025-12-01T20:09:24","slug":"metabird","status":"publish","type":"product","link":"https:\/\/www.bionicbird.com\/fr\/boutique\/metabird\/","title":{"rendered":"MetaBird"},"content":{"rendered":"<p>[et_pb_section fb_built=\u00a0\u00bb1&Prime; _builder_version=\u00a0\u00bb4.16&Prime; custom_padding=\u00a0\u00bb0px||||false|false\u00a0\u00bb global_colors_info=\u00a0\u00bb{}\u00a0\u00bb da_is_popup=\u00a0\u00bboff\u00a0\u00bb da_exit_intent=\u00a0\u00bboff\u00a0\u00bb da_has_close=\u00a0\u00bbon\u00a0\u00bb da_alt_close=\u00a0\u00bboff\u00a0\u00bb da_dark_close=\u00a0\u00bboff\u00a0\u00bb da_not_modal=\u00a0\u00bbon\u00a0\u00bb da_is_singular=\u00a0\u00bboff\u00a0\u00bb da_with_loader=\u00a0\u00bboff\u00a0\u00bb da_has_shadow=\u00a0\u00bbon\u00a0\u00bb da_disable_devices=\u00a0\u00bboff|off|off\u00a0\u00bb][et_pb_row _builder_version=\u00a0\u00bb4.16&Prime; background_size=\u00a0\u00bbinitial\u00a0\u00bb background_position=\u00a0\u00bbtop_left\u00a0\u00bb background_repeat=\u00a0\u00bbrepeat\u00a0\u00bb width=\u00a0\u00bb100%\u00a0\u00bb custom_padding=\u00a0\u00bb0px||0px||false|false\u00a0\u00bb global_colors_info=\u00a0\u00bb{}\u00a0\u00bb][et_pb_column type=\u00a0\u00bb4_4&Prime; _builder_version=\u00a0\u00bb4.16&Prime; custom_padding=\u00a0\u00bb|||\u00a0\u00bb global_colors_info=\u00a0\u00bb{}\u00a0\u00bb custom_padding__hover=\u00a0\u00bb|||\u00a0\u00bb][et_pb_wc_cart_notice _builder_version=\u00a0\u00bb4.16&Prime; global_colors_info=\u00a0\u00bb{}\u00a0\u00bb][\/et_pb_wc_cart_notice][\/et_pb_column][\/et_pb_row][et_pb_row _builder_version=\u00a0\u00bb4.16&Prime; background_size=\u00a0\u00bbinitial\u00a0\u00bb background_position=\u00a0\u00bbtop_left\u00a0\u00bb background_repeat=\u00a0\u00bbrepeat\u00a0\u00bb width=\u00a0\u00bb100%\u00a0\u00bb custom_padding=\u00a0\u00bb0px||||false|false\u00a0\u00bb global_colors_info=\u00a0\u00bb{}\u00a0\u00bb column_structure=\u00a0\u00bb1_2,1_2&Prime;][et_pb_column type=\u00a0\u00bb1_2&Prime; _builder_version=\u00a0\u00bb4.16&Prime; custom_padding=\u00a0\u00bb|||\u00a0\u00bb global_colors_info=\u00a0\u00bb{}\u00a0\u00bb custom_padding__hover=\u00a0\u00bb|||\u00a0\u00bb][et_pb_wc_images _builder_version=\u00a0\u00bb4.16&Prime; global_colors_info=\u00a0\u00bb{}\u00a0\u00bb][\/et_pb_wc_images][\/et_pb_column][et_pb_column type=\u00a0\u00bb1_2&Prime; _builder_version=\u00a0\u00bb4.16&Prime; custom_padding=\u00a0\u00bb|||\u00a0\u00bb global_colors_info=\u00a0\u00bb{}\u00a0\u00bb custom_padding__hover=\u00a0\u00bb|||\u00a0\u00bb][et_pb_wc_title _builder_version=\u00a0\u00bb4.16&Prime; global_colors_info=\u00a0\u00bb{}\u00a0\u00bb][\/et_pb_wc_title][et_pb_wc_rating _builder_version=\u00a0\u00bb4.16&Prime; global_colors_info=\u00a0\u00bb{}\u00a0\u00bb][\/et_pb_wc_rating][et_pb_wc_price _builder_version=\u00a0\u00bb4.16&Prime; global_colors_info=\u00a0\u00bb{}\u00a0\u00bb][\/et_pb_wc_price][et_pb_wc_description _builder_version=\u00a0\u00bb4.16&Prime; global_colors_info=\u00a0\u00bb{}\u00a0\u00bb][\/et_pb_wc_description][et_pb_wc_add_to_cart _builder_version=\u00a0\u00bb4.16&Prime; global_colors_info=\u00a0\u00bb{}\u00a0\u00bb][\/et_pb_wc_add_to_cart][\/et_pb_column][\/et_pb_row][et_pb_row _builder_version=\u00a0\u00bb4.16&Prime; background_size=\u00a0\u00bbinitial\u00a0\u00bb background_position=\u00a0\u00bbtop_left\u00a0\u00bb background_repeat=\u00a0\u00bbrepeat\u00a0\u00bb width=\u00a0\u00bb100%\u00a0\u00bb global_colors_info=\u00a0\u00bb{}\u00a0\u00bb][et_pb_column type=\u00a0\u00bb4_4&Prime; _builder_version=\u00a0\u00bb4.16&Prime; custom_padding=\u00a0\u00bb|||\u00a0\u00bb global_colors_info=\u00a0\u00bb{}\u00a0\u00bb custom_padding__hover=\u00a0\u00bb|||\u00a0\u00bb][et_pb_wc_tabs _builder_version=\u00a0\u00bb4.16&Prime; global_colors_info=\u00a0\u00bb{}\u00a0\u00bb]\t\t\t\t\t[\/et_pb_wc_tabs][et_pb_wc_upsells _builder_version=\u00a0\u00bb4.16&Prime; global_colors_info=\u00a0\u00bb{}\u00a0\u00bb][\/et_pb_wc_upsells][et_pb_wc_related_products _builder_version=\u00a0\u00bb4.16&Prime; global_colors_info=\u00a0\u00bb{}\u00a0\u00bb][\/et_pb_wc_related_products][\/et_pb_column][\/et_pb_row][\/et_pb_section]<\/p>\n<span class=\"et_bloom_bottom_trigger\"><\/span>","protected":false},"excerpt":{"rendered":"<h3><span style=\"vertical-align: inherit;\"><span style=\"vertical-align: inherit;\"><span style=\"vertical-align: inherit;\"><span style=\"vertical-align: inherit;\">Votre oiseau contr\u00f4l\u00e9 par Smartphone<\/span><\/span><\/span><\/span><\/h3>\n<p><span style=\"vertical-align: inherit;\"><span style=\"vertical-align: inherit;\"><span style=\"vertical-align: inherit;\"><span style=\"vertical-align: inherit;\">&#8211; Faites voler et contr\u00f4ler le MetaBird gr\u00e2ce \u00e0 votre Smartphone avec l&rsquo;application disponible sur l&rsquo;App Store d&rsquo;Apple\u00ae et sur le Play Store Android\u00ae. <\/span><\/span><\/span><\/span><br \/>\n<span style=\"vertical-align: inherit;\"><span style=\"vertical-align: inherit;\"><span style=\"vertical-align: inherit;\"><span style=\"vertical-align: inherit;\">&#8211; Acc\u00e9l\u00e9rez et ralentissez par un simple geste sur votre \u00e9cran. <\/span><\/span><\/span><span style=\"vertical-align: inherit;\"><span style=\"vertical-align: inherit;\"><span style=\"vertical-align: inherit;\">Faites tourner le MetaBird simplement en inclinant votre Smartphone \u00e0 droite ou \u00e0 gauche. <\/span><\/span><\/span><\/span><br \/>\n<span style=\"vertical-align: inherit;\"><span style=\"vertical-align: inherit;\"><span style=\"vertical-align: inherit;\"><span style=\"vertical-align: inherit;\">&#8211; 8 minutes d&rsquo;autonomie et recharge en seulement 12 minutes par connecteur USB.<\/span><\/span><\/span><\/span><\/p>\n<p><span style=\"vertical-align: inherit;\"><span style=\"vertical-align: inherit;\"><span style=\"vertical-align: inherit;\"><span style=\"vertical-align: inherit;\">Vivez une exp\u00e9rience de vol exceptionnelle au milieu des v\u00e9ritables oiseaux avec ce drone bio-mim\u00e9tique.<\/span><\/span><\/span><\/span><\/p>\n<p><span style=\"vertical-align: inherit;\"><span style=\"vertical-align: inherit;\"><span style=\"vertical-align: inherit;\"><span style=\"vertical-align: inherit;\">Le pack contient : 1 MetaBird + et son chargeur USB.<\/span><\/span><\/span><\/span><\/p>\n","protected":false},"featured_media":101143,"template":"","meta":{"_et_pb_use_builder":"on","_et_pb_old_content":"","_et_gb_content_width":""},"product_brand":[],"product_cat":[28],"product_tag":[19],"class_list":{"0":"post-419","1":"product","2":"type-product","3":"status-publish","4":"has-post-thumbnail","6":"product_cat-metabird-fr","7":"product_tag-metabird","8":"product_shipping_class-full-packs","10":"first","11":"outofstock","12":"taxable","13":"shipping-taxable","14":"purchasable","15":"product-type-simple"},"yoast_head":"<!-- This site is optimized with the Yoast SEO plugin v27.4 - https:\/\/yoast.com\/product\/yoast-seo-wordpress\/ -->\n<title>MetaBird de Bionicbird- Un oiseau contr\u00f4l\u00e9 par votre Smartphone<\/title>\n<meta name=\"description\" content=\"Faites voler et contr\u00f4lez le MetaBird gr\u00e2ce \u00e0 votre Smartphone avec l\u2019application disponible sur l\u2019App Store d\u2019Apple et sur Google Play !\" \/>\n<meta name=\"robots\" content=\"index, follow, max-snippet:-1, max-image-preview:large, max-video-preview:-1\" \/>\n<link rel=\"canonical\" href=\"https:\/\/www.bionicbird.com\/fr\/boutique\/metabird\/\" \/>\n<meta property=\"og:locale\" content=\"fr_FR\" \/>\n<meta property=\"og:type\" content=\"article\" \/>\n<meta property=\"og:title\" content=\"MetaBird de Bionicbird- Un oiseau contr\u00f4l\u00e9 par votre Smartphone\" \/>\n<meta property=\"og:description\" content=\"Faites voler et contr\u00f4lez le MetaBird gr\u00e2ce \u00e0 votre Smartphone avec l\u2019application disponible sur l\u2019App Store d\u2019Apple et sur Google Play !\" \/>\n<meta property=\"og:url\" content=\"https:\/\/www.bionicbird.com\/fr\/boutique\/metabird\/\" \/>\n<meta property=\"og:site_name\" content=\"BIONIC BIRD FR- DRONES BIOMIM\u00c9TIQUES\" \/>\n<meta property=\"article:publisher\" content=\"https:\/\/www.facebook.com\/BionicBird.officiel\/\" \/>\n<meta property=\"article:modified_time\" content=\"2025-12-01T20:09:24+00:00\" \/>\n<meta property=\"og:image\" content=\"https:\/\/www.bionicbird.com\/fr\/wp-content\/uploads\/sites\/4\/2024\/09\/metabird_une_pour_produit.jpg\" \/>\n\t<meta property=\"og:image:width\" content=\"2056\" \/>\n\t<meta property=\"og:image:height\" content=\"1440\" \/>\n\t<meta property=\"og:image:type\" content=\"image\/jpeg\" \/>\n<meta name=\"twitter:card\" content=\"summary_large_image\" \/>\n<meta name=\"twitter:site\" content=\"@mybionicbird\" \/>\n<meta name=\"twitter:label1\" content=\"Dur\u00e9e de lecture estim\u00e9e\" \/>\n\t<meta name=\"twitter:data1\" content=\"1 minute\" \/>\n<script type=\"application\/ld+json\" class=\"yoast-schema-graph\">{\"@context\":\"https:\\\/\\\/schema.org\",\"@graph\":[{\"@type\":\"WebPage\",\"@id\":\"https:\\\/\\\/www.bionicbird.com\\\/fr\\\/boutique\\\/metabird\\\/\",\"url\":\"https:\\\/\\\/www.bionicbird.com\\\/fr\\\/boutique\\\/metabird\\\/\",\"name\":\"MetaBird de Bionicbird- Un oiseau contr\u00f4l\u00e9 par votre Smartphone\",\"isPartOf\":{\"@id\":\"https:\\\/\\\/www.bionicbird.com\\\/fr\\\/#website\"},\"primaryImageOfPage\":{\"@id\":\"https:\\\/\\\/www.bionicbird.com\\\/fr\\\/boutique\\\/metabird\\\/#primaryimage\"},\"image\":{\"@id\":\"https:\\\/\\\/www.bionicbird.com\\\/fr\\\/boutique\\\/metabird\\\/#primaryimage\"},\"thumbnailUrl\":\"https:\\\/\\\/www.bionicbird.com\\\/fr\\\/wp-content\\\/uploads\\\/sites\\\/4\\\/2024\\\/09\\\/metabird_une_pour_produit.jpg\",\"datePublished\":\"2024-09-10T09:09:44+00:00\",\"dateModified\":\"2025-12-01T20:09:24+00:00\",\"description\":\"Faites voler et contr\u00f4lez le MetaBird gr\u00e2ce \u00e0 votre Smartphone avec l\u2019application disponible sur l\u2019App Store d\u2019Apple et sur Google Play !\",\"breadcrumb\":{\"@id\":\"https:\\\/\\\/www.bionicbird.com\\\/fr\\\/boutique\\\/metabird\\\/#breadcrumb\"},\"inLanguage\":\"fr-FR\",\"potentialAction\":[{\"@type\":\"ReadAction\",\"target\":[\"https:\\\/\\\/www.bionicbird.com\\\/fr\\\/boutique\\\/metabird\\\/\"]}]},{\"@type\":\"ImageObject\",\"inLanguage\":\"fr-FR\",\"@id\":\"https:\\\/\\\/www.bionicbird.com\\\/fr\\\/boutique\\\/metabird\\\/#primaryimage\",\"url\":\"https:\\\/\\\/www.bionicbird.com\\\/fr\\\/wp-content\\\/uploads\\\/sites\\\/4\\\/2024\\\/09\\\/metabird_une_pour_produit.jpg\",\"contentUrl\":\"https:\\\/\\\/www.bionicbird.com\\\/fr\\\/wp-content\\\/uploads\\\/sites\\\/4\\\/2024\\\/09\\\/metabird_une_pour_produit.jpg\",\"width\":2056,\"height\":1440},{\"@type\":\"BreadcrumbList\",\"@id\":\"https:\\\/\\\/www.bionicbird.com\\\/fr\\\/boutique\\\/metabird\\\/#breadcrumb\",\"itemListElement\":[{\"@type\":\"ListItem\",\"position\":1,\"name\":\"Accueil\",\"item\":\"https:\\\/\\\/www.bionicbird.com\\\/fr\\\/\"},{\"@type\":\"ListItem\",\"position\":2,\"name\":\"Boutique\",\"item\":\"https:\\\/\\\/www.bionicbird.com\\\/fr\\\/boutique\\\/\"},{\"@type\":\"ListItem\",\"position\":3,\"name\":\"MetaBird\"}]},{\"@type\":\"WebSite\",\"@id\":\"https:\\\/\\\/www.bionicbird.com\\\/fr\\\/#website\",\"url\":\"https:\\\/\\\/www.bionicbird.com\\\/fr\\\/\",\"name\":\"BIONIC BIRD - DRONES BIOMIM\u00c9TIQUES\",\"description\":\"Leader des drones t\u00e9l\u00e9command\u00e9s, inspir\u00e9s par le vol des oiseaux et des insectes\",\"alternateName\":\"BIONIC BIRD DRONES\",\"potentialAction\":[{\"@type\":\"SearchAction\",\"target\":{\"@type\":\"EntryPoint\",\"urlTemplate\":\"https:\\\/\\\/www.bionicbird.com\\\/fr\\\/?s={search_term_string}\"},\"query-input\":{\"@type\":\"PropertyValueSpecification\",\"valueRequired\":true,\"valueName\":\"search_term_string\"}}],\"inLanguage\":\"fr-FR\"}]}<\/script>\n<!-- \/ Yoast SEO plugin. -->","yoast_head_json":{"title":"MetaBird de Bionicbird- Un oiseau contr\u00f4l\u00e9 par votre Smartphone","description":"Faites voler et contr\u00f4lez le MetaBird gr\u00e2ce \u00e0 votre Smartphone avec l\u2019application disponible sur l\u2019App Store d\u2019Apple et sur Google Play !","robots":{"index":"index","follow":"follow","max-snippet":"max-snippet:-1","max-image-preview":"max-image-preview:large","max-video-preview":"max-video-preview:-1"},"canonical":"https:\/\/www.bionicbird.com\/fr\/boutique\/metabird\/","og_locale":"fr_FR","og_type":"article","og_title":"MetaBird de Bionicbird- Un oiseau contr\u00f4l\u00e9 par votre Smartphone","og_description":"Faites voler et contr\u00f4lez le MetaBird gr\u00e2ce \u00e0 votre Smartphone avec l\u2019application disponible sur l\u2019App Store d\u2019Apple et sur Google Play !","og_url":"https:\/\/www.bionicbird.com\/fr\/boutique\/metabird\/","og_site_name":"BIONIC BIRD FR- DRONES BIOMIM\u00c9TIQUES","article_publisher":"https:\/\/www.facebook.com\/BionicBird.officiel\/","article_modified_time":"2025-12-01T20:09:24+00:00","og_image":[{"width":2056,"height":1440,"url":"https:\/\/www.bionicbird.com\/fr\/wp-content\/uploads\/sites\/4\/2024\/09\/metabird_une_pour_produit.jpg","type":"image\/jpeg"}],"twitter_card":"summary_large_image","twitter_site":"@mybionicbird","twitter_misc":{"Dur\u00e9e de lecture estim\u00e9e":"1 minute"},"schema":{"@context":"https:\/\/schema.org","@graph":[{"@type":"WebPage","@id":"https:\/\/www.bionicbird.com\/fr\/boutique\/metabird\/","url":"https:\/\/www.bionicbird.com\/fr\/boutique\/metabird\/","name":"MetaBird de Bionicbird- Un oiseau contr\u00f4l\u00e9 par votre Smartphone","isPartOf":{"@id":"https:\/\/www.bionicbird.com\/fr\/#website"},"primaryImageOfPage":{"@id":"https:\/\/www.bionicbird.com\/fr\/boutique\/metabird\/#primaryimage"},"image":{"@id":"https:\/\/www.bionicbird.com\/fr\/boutique\/metabird\/#primaryimage"},"thumbnailUrl":"https:\/\/www.bionicbird.com\/fr\/wp-content\/uploads\/sites\/4\/2024\/09\/metabird_une_pour_produit.jpg","datePublished":"2024-09-10T09:09:44+00:00","dateModified":"2025-12-01T20:09:24+00:00","description":"Faites voler et contr\u00f4lez le MetaBird gr\u00e2ce \u00e0 votre Smartphone avec l\u2019application disponible sur l\u2019App Store d\u2019Apple et sur Google Play !","breadcrumb":{"@id":"https:\/\/www.bionicbird.com\/fr\/boutique\/metabird\/#breadcrumb"},"inLanguage":"fr-FR","potentialAction":[{"@type":"ReadAction","target":["https:\/\/www.bionicbird.com\/fr\/boutique\/metabird\/"]}]},{"@type":"ImageObject","inLanguage":"fr-FR","@id":"https:\/\/www.bionicbird.com\/fr\/boutique\/metabird\/#primaryimage","url":"https:\/\/www.bionicbird.com\/fr\/wp-content\/uploads\/sites\/4\/2024\/09\/metabird_une_pour_produit.jpg","contentUrl":"https:\/\/www.bionicbird.com\/fr\/wp-content\/uploads\/sites\/4\/2024\/09\/metabird_une_pour_produit.jpg","width":2056,"height":1440},{"@type":"BreadcrumbList","@id":"https:\/\/www.bionicbird.com\/fr\/boutique\/metabird\/#breadcrumb","itemListElement":[{"@type":"ListItem","position":1,"name":"Accueil","item":"https:\/\/www.bionicbird.com\/fr\/"},{"@type":"ListItem","position":2,"name":"Boutique","item":"https:\/\/www.bionicbird.com\/fr\/boutique\/"},{"@type":"ListItem","position":3,"name":"MetaBird"}]},{"@type":"WebSite","@id":"https:\/\/www.bionicbird.com\/fr\/#website","url":"https:\/\/www.bionicbird.com\/fr\/","name":"BIONIC BIRD - DRONES BIOMIM\u00c9TIQUES","description":"Leader des drones t\u00e9l\u00e9command\u00e9s, inspir\u00e9s par le vol des oiseaux et des insectes","alternateName":"BIONIC BIRD DRONES","potentialAction":[{"@type":"SearchAction","target":{"@type":"EntryPoint","urlTemplate":"https:\/\/www.bionicbird.com\/fr\/?s={search_term_string}"},"query-input":{"@type":"PropertyValueSpecification","valueRequired":true,"valueName":"search_term_string"}}],"inLanguage":"fr-FR"}]}},"_links":{"self":[{"href":"https:\/\/www.bionicbird.com\/fr\/wp-json\/wp\/v2\/product\/419","targetHints":{"allow":["GET"]}}],"collection":[{"href":"https:\/\/www.bionicbird.com\/fr\/wp-json\/wp\/v2\/product"}],"about":[{"href":"https:\/\/www.bionicbird.com\/fr\/wp-json\/wp\/v2\/types\/product"}],"wp:featuredmedia":[{"embeddable":true,"href":"https:\/\/www.bionicbird.com\/fr\/wp-json\/wp\/v2\/media\/101143"}],"wp:attachment":[{"href":"https:\/\/www.bionicbird.com\/fr\/wp-json\/wp\/v2\/media?parent=419"}],"wp:term":[{"taxonomy":"product_brand","embeddable":true,"href":"https:\/\/www.bionicbird.com\/fr\/wp-json\/wp\/v2\/product_brand?post=419"},{"taxonomy":"product_cat","embeddable":true,"href":"https:\/\/www.bionicbird.com\/fr\/wp-json\/wp\/v2\/product_cat?post=419"},{"taxonomy":"product_tag","embeddable":true,"href":"https:\/\/www.bionicbird.com\/fr\/wp-json\/wp\/v2\/product_tag?post=419"}],"curies":[{"name":"wp","href":"https:\/\/api.w.org\/{rel}","templated":true}]}}